{"id":1143,"date":"2019-01-08T02:05:43","date_gmt":"2019-01-08T02:05:43","guid":{"rendered":"http:\/\/imd2016.icom.cust.oxymium.net\/imd-2016\/organizar-su-dim\/"},"modified":"2019-01-08T02:06:42","modified_gmt":"2019-01-08T02:06:42","slug":"organizar-su-dim","status":"publish","type":"page","link":"https:\/\/imd2016.mini.icom.museum\/es\/dim-2016\/organizar-su-dim\/","title":{"rendered":"Organizar su DIM"},"content":{"rendered":"<div id=\"RTE_CONTENT\"> <!--TYPO3SEARCH_begin--> \t<!--  CONTENT ELEMENT, uid:16080\/textpic [begin] --> \t\t<\/p>\n<div id=\"c16080\"> \t\t<!--  Image block: [begin] --> \t\t\t<\/p>\n<div> \t\t<!--  Text: [begin] --> \t\t\t<\/p>\n<p>\u00a1Le necesitamos para que el D\u00eda Internacional de los Museos est\u00e9 a la altura de sus aspiraciones! \u00a0 <\/p>\n<p> Usted es el embajador del D\u00eda Internacional de los Museos. Gracias a las actividades que usted organiza y a las s\u00f3lidas conexiones que los museos desarrollan con el p\u00fablico, este evento sigue siendo un \u00e9xito a\u00f1o tras a\u00f1o. \u00a0 <\/p>\n<p> M\u00e1s all\u00e1 del programa de actividades que usted organice, su participaci\u00f3n en el D\u00eda Internacional de los Museos es tambi\u00e9n una oportunidad para: \u00a0 \u00a0\u00a0  <\/p>\n<p>\u00a0<\/p>\n<ul>\n<li> <b>Desarrollar asociaciones<\/b> con colegios, asociaciones, otros museos, etc. para promover el evento como una ocasi\u00f3n de intercambio y colaboraci\u00f3n; \u00a0 \u00a0\u00a0 <\/li>\n<li> <b>Utilizar y difundir el <a href=\"http:\/\/imd2016.icom.cust.oxymium.net\/es\/imd-2016\/el-cartel\/\" title=\"Opens internal link in current window\">material gr\u00e1fico creado para el evento<\/a><\/b> \u00a0y as\u00ed divulgar la informaci\u00f3n de manera m\u00e1s eficaz en todo el mundo; \u00a0 \u00a0\u00a0 <\/li>\n<li> <b>Divulgar la informaci\u00f3n<\/b> sobre el D\u00eda Internacional de los Museos entre el p\u00fablico a trav\u00e9s de sus espacios en la Red (sitio web, redes sociales, etc.); \u00a0 \u00a0\u00a0 <\/li>\n<li> <b>Enviar un comunicado de prensa<\/b> sobre el D\u00eda Internacional de los Museos u organizar una conferencia de prensa para garantizar la visibilidad de su museo y del evento; \u00a0 \u00a0\u00a0 <\/li>\n<li> <b>Conseguir visibilidad internacional de las actividades<\/b> que organice antes y despu\u00e9s del evento compartiendo la informaci\u00f3n sobre sus actividades del D\u00eda Internacional de los Museos con la Secretar\u00eda del ICOM permiti\u00e9ndonos divulgar las noticias en toda nuestra red, en las redes sociales y en nuestro sitio web del evento. As\u00ed tambi\u00e9n enriquecemos el archivo de actividades del D\u00eda Internacional de los Museos con las celebraciones de cada a\u00f1o.<\/li>\n<\/ul>\n<p>\u00a0<\/p>\n<p>\u00a0<\/p>\n<p> \t\t<!--  Text: [end] --> \t\t\t<\/div>\n<p> \t\t<!--  Image block: [end] --> \t\t\t   \t<!--  \t\tBEGIN: Content of extension \"hpo_relatedlink\", plugin \"tx_hporelatedlink_pi1\"  \t--> \t<\/p>\n<div> \t\t \t<\/div>\n<p> \t \t<!-- END: Content of extension \"hpo_relatedlink\", plugin \"tx_hporelatedlink_pi1\" -->  \t<\/div>\n<p> \t<!--  CONTENT ELEMENT, uid:16080\/textpic [end] --> \t\t \t<!--  CONTENT ELEMENT, uid:16082\/textpic [begin] --> \t\t<\/p>\n<div id=\"c16082\"> \t\t<!--  Image block: [begin] --> \t\t\t<\/p>\n<div> \t\t<!--  Text: [begin] --> \t\t\t<\/p>\n<p> <span>El D\u00eda Internacional de los Museos atrae la atenci\u00f3n tanto del p\u00fablico en general como de profesionales de museos de todo el mundo.<\/span>  <\/p>\n<p>Esperamos que planifique sus propias actividades para la edici\u00f3n 2016 de este acontecimiento siguiendo los principios generales del D\u00eda Internacional de los Museos y que los ejemplos de actividades de anteriores ediciones del DIM, ya sean originales o convencionales, con presupuesto limitado o actividades generalistas, le sirvan de inspiraci\u00f3n para organizar sus propios preparativos. \u00a0 <\/p>\n<p><b> Le recomendamos seguir ocho pasos importantes: \u00a0 <\/b> <\/p>\n<p><b>1.\u00a0\u00a0\u00a0\u00a0\u00a0\u00a0 Dir\u00edjase a un p\u00fablico espec\u00edfico <\/b><br \/>\u00bfVisitantes habituales? \u00bfUn p\u00fablico nuevo? \u00bfPersonas socialmente desfavorecidas? \u00bfP\u00fablico espec\u00edfico: ni\u00f1os, adolescentes, ciudadanos mayores, personas con discapacidades, etc.? A continuaci\u00f3n usted encontrar\u00e1 <a href=\"http:\/\/imd2016.icom.cust.oxymium.net\/es\/press\/galeria\/\" title=\"Opens internal link in current window\">ejemplos de actividades dirigidas a diferentes p\u00fablicos<\/a>. \u00a0  <\/p>\n<p><b>2.\u00a0\u00a0\u00a0\u00a0\u00a0\u00a0 Defina sus objetivos <\/b><br \/>\u00bfLlegar a un p\u00fablico nuevo? \u00bfAtraer a visitantes diversos? \u00bfMejorar la visibilidad del museo? \u00bfPoner de relieve la participaci\u00f3n del museo en la comunidad muse\u00edstica? \u00bfSer escuchado por las autoridades p\u00fablicas? \u00bfDarse a conocer a los potenciales socios? \u00a0  <\/p>\n<p><b>3.\u00a0\u00a0\u00a0\u00a0\u00a0\u00a0 Posicione su museo <\/b><br \/>Los objetivos que marque tambi\u00e9n pueden estar relacionados con la posici\u00f3n de su museo. El D\u00eda Internacional de los Museos ayuda a mostrar la importancia de los museos en la sociedad y a poner de relieve sus diferentes facetas. Debe por ello encontrar la posici\u00f3n que mejor se adapte a su instituci\u00f3n: \u00bfes un museo innovador?, \u00bfun museo que presta atenci\u00f3n a las problem\u00e1ticas de la sociedad?, \u00bfun museo din\u00e1mico?, \u00bfun museo cercano a su p\u00fablico?, \u00bfun museo que genera turismo? \u00a0  <\/p>\n<p><b>4.\u00a0\u00a0\u00a0\u00a0\u00a0\u00a0 Cree asociaciones institucionales y patrocinios<\/b> <br \/>El D\u00eda Internacional de los Museos es una oportunidad para establecer asociaciones, tanto a nivel local, como nacional o internacional, relacionadas con las colecciones, la mediaci\u00f3n o la financiaci\u00f3n. Las colaboraciones pueden ser con otros profesionales de museos, con otros museos, asociaciones, empresas, etc. \u00a0  <\/p>\n<p><b>5.\u00a0\u00a0\u00a0\u00a0\u00a0\u00a0 Desarrolle un presupuesto preciso <\/b><br \/>El D\u00eda Internacional de los Museos est\u00e1 dise\u00f1ado tanto para grandes estructuras como para instituciones peque\u00f1as. Los recursos humanos y financieros destinados al evento depender\u00e1n tambi\u00e9n de la visibilidad que desee dar al evento. \u00a0  <\/p>\n<p><b>6.\u00a0\u00a0\u00a0\u00a0\u00a0\u00a0 Cree un programa inesperado <\/b><br \/>A continuaci\u00f3n le ofrecemos <a href=\"http:\/\/imd2016.icom.cust.oxymium.net\/es\/press\/galeria\/\" title=\"Opens internal link in current window\">algunas ideas con ejemplos de actividades<\/a> que han tenido \u00e9xito en anteriores ediciones del D\u00eda Internacional de los Museos. \u00a1La clave del \u00e9xito est\u00e1 en organizar un programa de actividades inesperado! \u00a0  <\/p>\n<p><b>7.\u00a0\u00a0\u00a0\u00a0\u00a0\u00a0 Desarrolle una estrategia de comunicaci\u00f3n y promoci\u00f3n <\/b><br \/>Hemos desarrollado <a href=\"http:\/\/imd2016.mini.icom.museum\/wp-content\/uploads\/sites\/53\/2019\/01\/151009s_IMD2016_kit_ESP.pdf\" title=\"151009s_IMD2016_kit_ESP.pdf (1.9 MB)\">un kit de herramientas de comunicaci\u00f3n<\/a> \u00a0para ayudarle a implementar su estrategia. El ICOM y su red tambi\u00e9n pueden ser uno de sus canales de comunicaci\u00f3n. \u00a0  <\/p>\n<p><b>8.\u00a0\u00a0\u00a0\u00a0\u00a0\u00a0 Haga un an\u00e1lisis posterior del evento <\/b><br \/>Es importante analizar el \u00e9xito de su D\u00eda Internacional de los Museos y la repercusi\u00f3n que haya tenido. Para ello deber\u00e1 definir los criterios de \u00e9xito en funci\u00f3n de los objetivos. Algunos ejemplos que indican si los resultados han sido buenos son: la asistencia, la creaci\u00f3n de asociaciones s\u00f3lidas y el n\u00famero de medios de comunicaci\u00f3n que hayan divulgado informaci\u00f3n sobre el evento.<\/p>\n<p> \t\t<!--  Text: [end] --> \t\t\t<\/div>\n<p> \t\t<!--  Image block: [end] --> \t\t\t   \t<!--  \t\tBEGIN: Content of extension \"hpo_relatedlink\", plugin \"tx_hporelatedlink_pi1\"  \t--> \t<\/p>\n<div> \t\t \t<\/div>\n<p> \t \t<!-- END: Content of extension \"hpo_relatedlink\", plugin \"tx_hporelatedlink_pi1\" -->  \t<\/div>\n<p> \t<!--  CONTENT ELEMENT, uid:16082\/textpic [end] --> \t\t<!--TYPO3SEARCH_end--> <\/div>\n","protected":false},"excerpt":{"rendered":"<p>\u00a1Le necesitamos para que el D\u00eda Internacional de los Museos est\u00e9 a la altura de sus aspiraciones! \u00a0 Usted es el embajador del D\u00eda Internacional de los Museos. Gracias a las actividades que usted organiza y a las s\u00f3lidas conexiones que los museos desarrollan con el p\u00fablico, este evento sigue siendo un \u00e9xito a\u00f1o tras [&hellip;]<\/p>\n","protected":false},"author":1,"featured_media":0,"parent":129,"menu_order":3,"comment_status":"closed","ping_status":"closed","template":"","meta":{"footnotes":""},"yst_prominent_words":[],"acf":[],"_links":{"self":[{"href":"https:\/\/imd2016.mini.icom.museum\/es\/wp-json\/wp\/v2\/pages\/1143"}],"collection":[{"href":"https:\/\/imd2016.mini.icom.museum\/es\/wp-json\/wp\/v2\/pages"}],"about":[{"href":"https:\/\/imd2016.mini.icom.museum\/es\/wp-json\/wp\/v2\/types\/page"}],"author":[{"embeddable":true,"href":"https:\/\/imd2016.mini.icom.museum\/es\/wp-json\/wp\/v2\/users\/1"}],"replies":[{"embeddable":true,"href":"https:\/\/imd2016.mini.icom.museum\/es\/wp-json\/wp\/v2\/comments?post=1143"}],"version-history":[{"count":1,"href":"https:\/\/imd2016.mini.icom.museum\/es\/wp-json\/wp\/v2\/pages\/1143\/revisions"}],"predecessor-version":[{"id":1370,"href":"https:\/\/imd2016.mini.icom.museum\/es\/wp-json\/wp\/v2\/pages\/1143\/revisions\/1370"}],"up":[{"embeddable":true,"href":"https:\/\/imd2016.mini.icom.museum\/es\/wp-json\/wp\/v2\/pages\/129"}],"wp:attachment":[{"href":"https:\/\/imd2016.mini.icom.museum\/es\/wp-json\/wp\/v2\/media?parent=1143"}],"wp:term":[{"taxonomy":"yst_prominent_words","embeddable":true,"href":"https:\/\/imd2016.mini.icom.museum\/es\/wp-json\/wp\/v2\/yst_prominent_words?post=1143"}],"curies":[{"name":"wp","href":"https:\/\/api.w.org\/{rel}","templated":true}]}}