{"id":1149,"date":"2019-01-08T02:05:53","date_gmt":"2019-01-08T02:05:53","guid":{"rendered":"http:\/\/imd2016.icom.cust.oxymium.net\/imd-2016\/socios\/"},"modified":"2019-01-08T02:06:42","modified_gmt":"2019-01-08T02:06:42","slug":"socios","status":"publish","type":"page","link":"https:\/\/imd2016.mini.icom.museum\/es\/dim-2016\/socios\/","title":{"rendered":"Socios"},"content":{"rendered":"<div id=\"RTE_CONTENT\"> <!--TYPO3SEARCH_begin--> \t<!--  CONTENT ELEMENT, uid:16083\/textpic [begin] --> \t\t<\/p>\n<div id=\"c16083\"> \t\t<!--  Image block: [begin] --> \t\t\t<\/p>\n<div> \t\t<!--  Text: [begin] --> \t\t\t<\/p>\n<p><span>Semantika<\/span> <\/p>\n<p>En el 2016 al igual que en el 2015, la plataforma de registro de eventos relacionados con el D\u00eda Internacional de los Museos ser\u00e1 realizado por Semantika, proveedor mundial de soluciones inform\u00e1ticas para el sector del patrimonio cultural, con un excelente historial de innovaciones tecnol\u00f3gicas, de dise\u00f1o inteligente y desarrollo de colaboraciones estrat\u00e9gicas. El grupo Semantika es experto en el desarrollo e integraci\u00f3n de aplicaciones para p\u00e1ginas web y m\u00f3viles, en especial Museums.EU y Museu.ms que ha facilitado el acceso al patrimonio mundial a un p\u00fablico internacional.<\/p>\n<p> \t\t<!--  Text: [end] --> \t\t\t<\/div>\n<p> \t\t<!--  Image block: [end] --> \t\t\t   \t<!--  \t\tBEGIN: Content of extension \"hpo_relatedlink\", plugin \"tx_hporelatedlink_pi1\"  \t--> \t<\/p>\n<div> \t\t \t<\/div>\n<p> \t \t<!-- END: Content of extension \"hpo_relatedlink\", plugin \"tx_hporelatedlink_pi1\" -->  \t<\/div>\n<p> \t<!--  CONTENT ELEMENT, uid:16083\/textpic [end] --> \t\t \t<!--  CONTENT ELEMENT, uid:16084\/textpic [begin] --> \t\t<\/p>\n<div id=\"c16084\"> \t\t<!--  Image block: [begin] --> \t\t\t<\/p>\n<div> \t\t<!--  Text: [begin] --> \t\t\t<\/p>\n<p><span>Noche Europea de los Museos<\/span>  <\/p>\n<p>Desde el 2011, el ICOM patrocina la Noche Europea de los Museos, que se celebra cada a\u00f1o durante el s\u00e1bado anterior a la celebraci\u00f3n del D\u00eda Internacional de los Museos. \u00a0  <\/p>\n<p>Este a\u00f1o, la Noche Europea de los Museos tendr\u00e1 lugar durante la madrugada del 21 al 22 de mayo de 2016. Creada en 2005 por el Ministerio franc\u00e9s de cultura y comunicaci\u00f3n, la Noche europea de los museos permite a los visitantes asistir a los museos participantes en la misma durante la noche y de forma gratuita, atrasando as\u00ed la restricci\u00f3n de la hora de cierre hasta la una de la madrugada aproximadamente. Mediante la recepci\u00f3n del p\u00fablico por la noche, los museos abren una visita diferente de sus colecciones, con un enfoque m\u00e1s sensorial e ins\u00f3lito. \u00a0 <\/p>\n<p> El a\u00f1o pasado, los museos de 33 pa\u00edses europeos se movilizaron para hacer de esta 10\u00aa edici\u00f3n, un momento m\u00e1gico para los numerosos noct\u00e1mbulos que estaban presentes. Muchas animaciones son propuestas, y el p\u00fablico que participa de forma masiva en este evento festivo, es un p\u00fablico diferente, joven y familiar.<\/p>\n<p> \t\t<!--  Text: [end] --> \t\t\t<\/div>\n<p> \t\t<!--  Image block: [end] --> \t\t\t   \t<!--  \t\tBEGIN: Content of extension \"hpo_relatedlink\", plugin \"tx_hporelatedlink_pi1\"  \t--> \t<\/p>\n<div> \t\t \t<\/div>\n<p> \t \t<!-- END: Content of extension \"hpo_relatedlink\", plugin \"tx_hporelatedlink_pi1\" -->  \t<\/div>\n<p> \t<!--  CONTENT ELEMENT, uid:16084\/textpic [end] --> \t\t \t<!--  CONTENT ELEMENT, uid:16085\/textpic [begin] --> \t\t<\/p>\n<div id=\"c16085\"> \t\t<!--  Image block: [begin] --> \t\t\t<\/p>\n<div> \t\t<!--  Text: [begin] --> \t\t\t<\/p>\n<p>El Foro Europeo de los Museos (EMF)  <\/p>\n<p>El Premio Museo Europeo del A\u00f1o 2016 se celebrar\u00e1 el 16 de mayo en el Museo Riverside de Glasgow (Reino Unido).  <\/p>\n<p>Desde septiembre de 2013, el ICOM ha colaborado con el Foro Europeo de los Museos (EMF, por sus siglas en ingl\u00e9s), que todos los a\u00f1os organiza el Premio Museo Europeo del A\u00f1o (EMYA, por sus siglas en ingl\u00e9s). \u00a0  <\/p>\n<p>El EMYA se cre\u00f3 el mismo a\u00f1o que el D\u00eda Internacional de los Museos y se otorga a un museo que haya atra\u00eddo y recibido a sus visitantes empleando los est\u00e1ndares muse\u00edsticos m\u00e1s elevados y enfoques innovadores. Este galard\u00f3n reconoce a aquellos museos cuyo desarrollo e innovaci\u00f3n, en t\u00e9rminos de comunicaci\u00f3n, presentaci\u00f3n e interpretaci\u00f3n, hayan influido en los est\u00e1ndares muse\u00edsticos de Europa. <br \/>Este evento fomenta la excelencia entre los museos europeos y ofrece la oportunidad de hacer contactos profesionales y debatir sobre aspectos contempor\u00e1neos relacionados con los museos. \u00a0  <\/p>\n<p><b>Sitio web:<\/b> <a href=\"http:\/\/www.europeanmuseumforum.info\" title=\"Opens external link in new window\" target=\"_blank\">http:\/\/www.europeanmuseumforum.info<\/a>  <\/p>\n<p><b>P\u00e1gina Facebook:<\/b> <a href=\"https:\/\/www.facebook.com\/pages\/European-Museum-Forum\/320602279826\" target=\"_blank\">https:\/\/www.facebook.com\/pages\/European-Museum-Forum\/320602279826<\/a> <\/p>\n<p> \t\t<!--  Text: [end] --> \t\t\t<\/div>\n<p> \t\t<!--  Image block: [end] --> \t\t\t   \t<!--  \t\tBEGIN: Content of extension \"hpo_relatedlink\", plugin \"tx_hporelatedlink_pi1\"  \t--> \t<\/p>\n<div> \t\t \t<\/div>\n<p> \t \t<!-- END: Content of extension \"hpo_relatedlink\", plugin \"tx_hporelatedlink_pi1\" -->  \t<\/div>\n<p> \t<!--  CONTENT ELEMENT, uid:16085\/textpic [end] --> \t\t<!--TYPO3SEARCH_end--> <\/div>\n","protected":false},"excerpt":{"rendered":"<p>Semantika En el 2016 al igual que en el 2015, la plataforma de registro de eventos relacionados con el D\u00eda Internacional de los Museos ser\u00e1 realizado por Semantika, proveedor mundial de soluciones inform\u00e1ticas para el sector del patrimonio cultural, con un excelente historial de innovaciones tecnol\u00f3gicas, de dise\u00f1o inteligente y desarrollo de colaboraciones estrat\u00e9gicas. El [&hellip;]<\/p>\n","protected":false},"author":1,"featured_media":0,"parent":129,"menu_order":5,"comment_status":"closed","ping_status":"closed","template":"","meta":{"footnotes":""},"yst_prominent_words":[],"acf":[],"_links":{"self":[{"href":"https:\/\/imd2016.mini.icom.museum\/es\/wp-json\/wp\/v2\/pages\/1149"}],"collection":[{"href":"https:\/\/imd2016.mini.icom.museum\/es\/wp-json\/wp\/v2\/pages"}],"about":[{"href":"https:\/\/imd2016.mini.icom.museum\/es\/wp-json\/wp\/v2\/types\/page"}],"author":[{"embeddable":true,"href":"https:\/\/imd2016.mini.icom.museum\/es\/wp-json\/wp\/v2\/users\/1"}],"replies":[{"embeddable":true,"href":"https:\/\/imd2016.mini.icom.museum\/es\/wp-json\/wp\/v2\/comments?post=1149"}],"version-history":[{"count":1,"href":"https:\/\/imd2016.mini.icom.museum\/es\/wp-json\/wp\/v2\/pages\/1149\/revisions"}],"predecessor-version":[{"id":1368,"href":"https:\/\/imd2016.mini.icom.museum\/es\/wp-json\/wp\/v2\/pages\/1149\/revisions\/1368"}],"up":[{"embeddable":true,"href":"https:\/\/imd2016.mini.icom.museum\/es\/wp-json\/wp\/v2\/pages\/129"}],"wp:attachment":[{"href":"https:\/\/imd2016.mini.icom.museum\/es\/wp-json\/wp\/v2\/media?parent=1149"}],"wp:term":[{"taxonomy":"yst_prominent_words","embeddable":true,"href":"https:\/\/imd2016.mini.icom.museum\/es\/wp-json\/wp\/v2\/yst_prominent_words?post=1149"}],"curies":[{"name":"wp","href":"https:\/\/api.w.org\/{rel}","templated":true}]}}