{"id":1170,"date":"2019-01-08T02:06:04","date_gmt":"2019-01-08T02:06:04","guid":{"rendered":"http:\/\/imd2016.icom.cust.oxymium.net\/press\/comunicados-de-prensa\/"},"modified":"2019-01-08T02:06:41","modified_gmt":"2019-01-08T02:06:41","slug":"comunicados-de-prensa","status":"publish","type":"page","link":"https:\/\/imd2016.mini.icom.museum\/es\/prensa\/comunicados-de-prensa\/","title":{"rendered":"Comunicados de prensa"},"content":{"rendered":"<div id=\"RTE_CONTENT\"> <!--TYPO3SEARCH_begin--> \t<!--  CONTENT ELEMENT, uid:17608\/textpic [begin] --> \t\t<\/p>\n<div id=\"c17608\"> \t\t<!--  Image block: [begin] --> \t\t\t<\/p>\n<div> \t\t<!--  Text: [begin] --> \t\t\t<\/p>\n<p><b>D\u00eda<\/b><b> Internacional de los<\/b><b> Museos<\/b><b> de 2016<\/b><b>: \u00a0Museos y<\/b><b> Paisajes<\/b><b> Culturales<\/b> <\/p>\n<\/p>\n<div>\n<div>\n<div>\n<h3>El paisaje es un espacio, tal como lo percibe la poblaci\u00f3n, cuyo car\u00e1cter es el resultado de la acci\u00f3n y la interacci\u00f3n de factores naturales y\/o humanos.  (Convenio europeo del paisaje, hecho el 20 de Octubre del 2000 en Florencia, Italia)<\/h3>\n<ul>\n<li><a href=\"http:\/\/www.coe.int\/en\/web\/conventions\/full-list\/-\/conventions\/treaty\/176\" target=\"_top\">Convenio europeo del paisaje<\/a><\/li>\n<\/ul><\/div>\n<\/p><\/div>\n<\/p><\/div>\n<p> La comunidad muse\u00edstica mundial celebrar\u00e1 el <b>D\u00eda Internacional de los Museos<\/b> el <b>18 de mayo<\/b>. Durante una hora, una noche, o una semana entera; cada uno puede celebrar como prefiera este evento unificador y universal que conmemora este a\u00f1o su 38\u00ba aniversario.  <\/p>\n<p>En 2016, el tema del D\u00eda Internacional de los Museos ser\u00e1 \u201c<b>Museos y Paisajes Culturales<\/b>\u201d, que tambi\u00e9n protagonizar\u00e1 los debates de la Conferencia General del ICOM, que se celebrar\u00e1 en Mil\u00e1n del 3 al 9 de julio de 2016. Este tema implica una cierta responsabilidad de los museos hacia los entornos de los que forman parte, a los que pueden aportar su contribuci\u00f3n en forma de conocimientos y competencias propias. La misi\u00f3n principal de los museos es velar por su patrimonio, dentro y fuera de sus muros. En la carta de Siena, el paisaje cultural es definido como &#8220;el pa\u00eds donde vivimos, que nos rodea con las im\u00e1genes y s\u00edmbolos que lo identifican y lo caracterizan&#8221;. De acuerdo con esta visi\u00f3n, el paisaje es considerado como el contexto &#8211; geogr\u00e1fico, hist\u00f3rico, econ\u00f3mico, social y cultural &#8211; en el cu\u00e1l los museos existen y operan. <\/p>\n<p>El <b>Consejo Internacional de Museos (ICOM)<\/b> cre\u00f3 en 1977 el <b>D\u00eda Internacional de los Museos<\/b> para sensibilizar al p\u00fablico sobre el papel de los museos en el desarrollo de la sociedad. Esta iniciativa\u00a0 ha tenido un gran \u00e9xito, seg\u00fan el Sr. Hans-Martin Hinz, Presidente del ICOM: \u201cLos visitantes de los museos pueden aprender del pasado y disfrutar de la diversidad de culturas. (\u2026)\u201d. El evento, de una popularidad creciente,\u00a0 reuni\u00f3 en 2015 a <b>m\u00e1s de 35.000 museos que celebraron el acontecimiento\u00a0 en alrededor de 145 pa\u00edses en los cinco continentes.<\/b>  <\/p>\n<p>En palabras de Johanna Regalado, responsable de proyectos del Museo Etnol\u00f3gico de Guayaquil, Ecuador (uno de los museos participantes en el DIM): \u201cNo cabe duda de que, cada a\u00f1o, <b>cada DIM genera nuevas ilusiones. Familias, ni\u00f1os, adultos, todos disfrutan con las actividades organizadas para ellos<\/b>, muchos no saben el tiempo que dedica el personal del museo para garantizar el \u00e9xito de cada momento, de cada programa. Eso s\u00ed, tambi\u00e9n es un placer para nosotros. \u00a1Se trata de una fecha extraordinaria para los museos! En 2015, para el tema \u2018Museos para una Sociedad Sostenible\u2019, nuestro museo organiz\u00f3 durante todo el mes actividades especiales. Entre \u00e9stas se inclu\u00edan \u2018ReciclArte\u2019 para ni\u00f1os (premio a la mejor obra art\u00edstica elaborada con materiales sostenibles), \u2018orientaci\u00f3n infantil\u2019 en el MAAC, un programa inclusivo con un taller de cer\u00e1mica para discapacitados, conferencias, una \u2018Noche en el Museo\u2019, y muchas m\u00e1s; todas ellas organizadas y bien recibidas en este mes tan especial.\u201d <\/p>\n<p>El ICOM ha creado, por segundo a\u00f1o consecutivo, un mapa interactivo que permite a los museos anunciar las actividades que han preparado para las celebraciones del D\u00eda Internacional de los Museos. Esta herramienta resulta de gran utilidad para los visitantes de museos de todo el mundo, ya que permite consultar las actividades relacionadas con el DIM con rapidez y de forma pr\u00e1ctica.\u00a0 <\/p>\n<p><b>Se han publicado casi 2000 actividades de todo el mundo en el mapa online interactivo del DIM.\u00a0 Desde Europa (1.422 actividades publicadas en Alemania, 129 en Suiza, 70 en Espa\u00f1a) hasta Asia (India, Myanmar, Taiw\u00e1n, Tailandia), de las Am\u00e9ricas hasta Australia. Muchos de los museos de todo el mundo celebrar\u00e1n el D\u00eda Internacional de los Museos desde ma\u00f1ana, 18 de mayo, hasta el 22 de mayo, con celebraciones planificadas por todo el mundo este pr\u00f3ximo fin de semana.<\/b> <\/p>\n<p><b>Visite la p\u00e1gina web oficial del D\u00eda Internacional de los Museos y el mapa interactivo <a href=\"http:\/\/imd.icom.museum\/\" target=\"_blank\">http:\/\/imd.icom.museum<\/a><\/b>  <\/p>\n<p><b><a href=\"http:\/\/imd2016.mini.icom.museum\/wp-content\/uploads\/sites\/53\/2019\/01\/IMD2016_17may-PressRelease_spa.pdf\" title=\"IMD2016_17may-PressRelease_spa.pdf (268 KB)\">Descargar<\/a><\/b>\u00a0<img decoding=\"async\" src=\"http:\/\/imd2016.mini.icom.museum\/wp-content\/uploads\/sites\/53\/2019\/01\/RTEmagicC_43476010f8_02.gif.gif\" alt=\"\"><\/p>\n<p> \t\t<!--  Text: [end] --> \t\t\t<\/div>\n<p> \t\t<!--  Image block: [end] --> \t\t\t   \t<!--  \t\tBEGIN: Content of extension \"hpo_relatedlink\", plugin \"tx_hporelatedlink_pi1\"  \t--> \t<\/p>\n<div> \t\t \t<\/div>\n<p> \t \t<!-- END: Content of extension \"hpo_relatedlink\", plugin \"tx_hporelatedlink_pi1\" -->  \t<\/div>\n<p> \t<!--  CONTENT ELEMENT, uid:17608\/textpic [end] --> \t\t<!--TYPO3SEARCH_end--> <\/div>\n","protected":false},"excerpt":{"rendered":"<p>D\u00eda Internacional de los Museos de 2016: \u00a0Museos y Paisajes Culturales El paisaje es un espacio, tal como lo percibe la poblaci\u00f3n, cuyo car\u00e1cter es el resultado de la acci\u00f3n y la interacci\u00f3n de factores naturales y\/o humanos. (Convenio europeo del paisaje, hecho el 20 de Octubre del 2000 en Florencia, Italia) Convenio europeo del [&hellip;]<\/p>\n","protected":false},"author":1,"featured_media":0,"parent":132,"menu_order":0,"comment_status":"closed","ping_status":"closed","template":"","meta":{"footnotes":""},"yst_prominent_words":[],"acf":[],"_links":{"self":[{"href":"https:\/\/imd2016.mini.icom.museum\/es\/wp-json\/wp\/v2\/pages\/1170"}],"collection":[{"href":"https:\/\/imd2016.mini.icom.museum\/es\/wp-json\/wp\/v2\/pages"}],"about":[{"href":"https:\/\/imd2016.mini.icom.museum\/es\/wp-json\/wp\/v2\/types\/page"}],"author":[{"embeddable":true,"href":"https:\/\/imd2016.mini.icom.museum\/es\/wp-json\/wp\/v2\/users\/1"}],"replies":[{"embeddable":true,"href":"https:\/\/imd2016.mini.icom.museum\/es\/wp-json\/wp\/v2\/comments?post=1170"}],"version-history":[{"count":1,"href":"https:\/\/imd2016.mini.icom.museum\/es\/wp-json\/wp\/v2\/pages\/1170\/revisions"}],"predecessor-version":[{"id":1367,"href":"https:\/\/imd2016.mini.icom.museum\/es\/wp-json\/wp\/v2\/pages\/1170\/revisions\/1367"}],"up":[{"embeddable":true,"href":"https:\/\/imd2016.mini.icom.museum\/es\/wp-json\/wp\/v2\/pages\/132"}],"wp:attachment":[{"href":"https:\/\/imd2016.mini.icom.museum\/es\/wp-json\/wp\/v2\/media?parent=1170"}],"wp:term":[{"taxonomy":"yst_prominent_words","embeddable":true,"href":"https:\/\/imd2016.mini.icom.museum\/es\/wp-json\/wp\/v2\/yst_prominent_words?post=1170"}],"curies":[{"name":"wp","href":"https:\/\/api.w.org\/{rel}","templated":true}]}}