{"id":1263,"date":"2019-01-08T02:06:14","date_gmt":"2019-01-08T02:06:14","guid":{"rendered":"http:\/\/imd2016.icom.cust.oxymium.net\/press\/galeria\/"},"modified":"2019-01-08T02:06:41","modified_gmt":"2019-01-08T02:06:41","slug":"galeria","status":"publish","type":"page","link":"https:\/\/imd2016.mini.icom.museum\/es\/prensa\/galeria\/","title":{"rendered":"Galeria"},"content":{"rendered":"<div id=\"RTE_CONTENT\"> <!--TYPO3SEARCH_begin--> \t<!--  CONTENT ELEMENT, uid:16133\/textpic [begin] --> \t\t<\/p>\n<div id=\"c16133\"> \t\t<!--  Image block: [begin] --> \t\t\t<\/p>\n<div>\n<div> \t\t<!--  Text: [begin] --> \t\t\t<\/p>\n<div>\n<p><span>China<\/span><\/p>\n<\/div>\n<div>\n<p>En el Museo de las comunicaciones de Macao, el seminario titulado \u201cAntiguos temas, nuevas experiencias\u201d organizado por los comisarios del Museo de ciencias de Hong Kong, sirvi\u00f3 como introducci\u00f3n de un ciclo de conferencias.<\/p>\n<\/div>\n<div>\n<p>Posteriormente, una feria de los museos dio lugar a numerosas conferencias y animaciones, y en el Museo de Macao, el p\u00fablico asisti\u00f3 a un espect\u00e1culo canton\u00e9s de \u00f3pera animado por cantantes ataviados con el traje tradicional (en la foto).<\/p>\n<\/div>\n<p> \t\t<!--  Text: [end] --> \t\t\t<\/div>\n<div><img decoding=\"async\" src=\"http:\/\/imd2016.mini.icom.museum\/wp-content\/uploads\/sites\/53\/2019\/01\/macao2014_02.jpg\" alt=\"\"><\/div>\n<\/p><\/div>\n<div><!-- --><\/div>\n<p> \t\t<!--  Image block: [end] --> \t\t\t   \t<!--  \t\tBEGIN: Content of extension \"hpo_relatedlink\", plugin \"tx_hporelatedlink_pi1\"  \t--> \t<\/p>\n<div> \t\t \t<\/div>\n<p> \t \t<!-- END: Content of extension \"hpo_relatedlink\", plugin \"tx_hporelatedlink_pi1\" -->  \t<\/div>\n<p> \t<!--  CONTENT ELEMENT, uid:16133\/textpic [end] --> \t\t \t<!--  CONTENT ELEMENT, uid:16134\/textpic [begin] --> \t\t<\/p>\n<div id=\"c16134\"> \t\t<!--  Image block: [begin] --> \t\t\t<\/p>\n<div>\n<div> \t\t<!--  Text: [begin] --> \t\t\t<\/p>\n<div>\n<p><span>Espa\u00f1a<\/span><\/p>\n<\/div>\n<div>\n<p>En Espa\u00f1a, el 84% de los museos participantes ofrecieron la entrada gratuita a los visitantes con motivo del D\u00eda Internacional de los Museos.<\/p>\n<\/div>\n<div>\n<p>Se organizaron visitas guiadas y actividades variadas dirigidas a todos los p\u00fablicos: exposiciones temporales, conferencias, representaciones teatrales, recitales de poes\u00eda, representaciones hist\u00f3ricas y conciertos como el del Museo Sefard\u00ed de Toledo.<\/p>\n<\/div>\n<p> \t\t<!--  Text: [end] --> \t\t\t<\/div>\n<div><img decoding=\"async\" src=\"http:\/\/imd2016.mini.icom.museum\/wp-content\/uploads\/sites\/53\/2019\/01\/spain2014_02.jpg\" alt=\"\"><\/div>\n<\/p><\/div>\n<div><!-- --><\/div>\n<p> \t\t<!--  Image block: [end] --> \t\t\t   \t<!--  \t\tBEGIN: Content of extension \"hpo_relatedlink\", plugin \"tx_hporelatedlink_pi1\"  \t--> \t<\/p>\n<div> \t\t \t<\/div>\n<p> \t \t<!-- END: Content of extension \"hpo_relatedlink\", plugin \"tx_hporelatedlink_pi1\" -->  \t<\/div>\n<p> \t<!--  CONTENT ELEMENT, uid:16134\/textpic [end] --> \t\t \t<!--  CONTENT ELEMENT, uid:16135\/textpic [begin] --> \t\t<\/p>\n<div id=\"c16135\"> \t\t<!--  Image block: [begin] --> \t\t\t<\/p>\n<div>\n<div> \t\t<!--  Text: [begin] --> \t\t\t<\/p>\n<div>\n<p><span>Afganist\u00e1n<\/span><\/p>\n<\/div>\n<div>\n<p>En 2014, Afganist\u00e1n particip\u00f3 por primera vez en el D\u00eda Internacional de los Museos. El museo nacional de Kabul organiz\u00f3 un seminario dedicado al papel del museo en un contexto b\u00e9lico y de crisis interna (en la foto). La reuni\u00f3n congreg\u00f3 a los representantes de diferentes instituciones como el Ministerio de Cultura e Informaci\u00f3n, la Universidad de Kabul, el Instituto de Arqueolog\u00eda, la UNESCO y distintas embajadas extranjeras.<\/p>\n<\/div>\n<p> \t\t<!--  Text: [end] --> \t\t\t<\/div>\n<div><img decoding=\"async\" src=\"http:\/\/imd2016.mini.icom.museum\/wp-content\/uploads\/sites\/53\/2019\/01\/afghanistan2014_02.jpg\" alt=\"\"><\/div>\n<\/p><\/div>\n<div><!-- --><\/div>\n<p> \t\t<!--  Image block: [end] --> \t\t\t   \t<!--  \t\tBEGIN: Content of extension \"hpo_relatedlink\", plugin \"tx_hporelatedlink_pi1\"  \t--> \t<\/p>\n<div> \t\t \t<\/div>\n<p> \t \t<!-- END: Content of extension \"hpo_relatedlink\", plugin \"tx_hporelatedlink_pi1\" -->  \t<\/div>\n<p> \t<!--  CONTENT ELEMENT, uid:16135\/textpic [end] --> \t\t \t<!--  CONTENT ELEMENT, uid:16136\/textpic [begin] --> \t\t<\/p>\n<div id=\"c16136\"> \t\t<!--  Image block: [begin] --> \t\t\t<\/p>\n<div>\n<div><img decoding=\"async\" src=\"http:\/\/imd2016.mini.icom.museum\/wp-content\/uploads\/sites\/53\/2019\/01\/dom-rep2014i_02.jpg\" alt=\"\"><\/div>\n<div>\n<div> \t\t<!--  Text: [begin] --> \t\t\t<\/p>\n<div>\n<p><span>Rep\u00fablica Dominicana<\/span><\/p>\n<\/div>\n<div>\n<p>Numerosos museos dominicanos, entre los que se encuentran el Centro Le\u00f3n, el Museo Arqueol\u00f3gico Regional Altos de Chav\u00f3n y el Museo Memorial de la Resistencia Dominicana, propusieron actividades para sus visitantes.<\/p>\n<\/div>\n<div>\n<p>El Museo Nacional de Historia Natural Prof. Eugenio de Jes\u00fas Marcano organiz\u00f3 un taller de sensibilizaci\u00f3n sobre la conservaci\u00f3n de los grandes simios (en la foto).<\/p>\n<\/div>\n<p> \t\t<!--  Text: [end] --> \t\t\t<\/div>\n<\/div><\/div>\n<div><!-- --><\/div>\n<p> \t\t<!--  Image block: [end] --> \t\t\t   \t<!--  \t\tBEGIN: Content of extension \"hpo_relatedlink\", plugin \"tx_hporelatedlink_pi1\"  \t--> \t<\/p>\n<div> \t\t \t<\/div>\n<p> \t \t<!-- END: Content of extension \"hpo_relatedlink\", plugin \"tx_hporelatedlink_pi1\" -->  \t<\/div>\n<p> \t<!--  CONTENT ELEMENT, uid:16136\/textpic [end] --> \t\t \t<!--  CONTENT ELEMENT, uid:16138\/textpic [begin] --> \t\t<\/p>\n<div id=\"c16138\"> \t\t<!--  Image block: [begin] --> \t\t\t<\/p>\n<div>\n<div> \t\t<!--  Text: [begin] --> \t\t\t<\/p>\n<div>\n<p><span>Zambia<\/span><\/p>\n<\/div>\n<div>\n<p>En Zambia, el D\u00eda Internacional de los Museos fue celebrado en presencia del Presidente del ICOM, el Prof. Dr Hans-Martin Hinz y de la presidenta del comit\u00e9 ICOM CECA, la Prof. Dr Emma Nardi. Se organizaron actividades en el Museo Nacional de Lusaka, en el Museo de Chima (en la foto) y en el Museo de Livingstone.<\/p>\n<\/div>\n<div>\n<p>El evento fue incluso grabado por una emisora de radio en la que se habl\u00f3 sobre los museos y su importancia en la sociedad.<\/p>\n<\/div>\n<p> \t\t<!--  Text: [end] --> \t\t\t<\/div>\n<div><img decoding=\"async\" src=\"http:\/\/imd2016.mini.icom.museum\/wp-content\/uploads\/sites\/53\/2019\/01\/zambia2014_02.jpg\" alt=\"\"><\/div>\n<\/p><\/div>\n<div><!-- --><\/div>\n<p> \t\t<!--  Image block: [end] --> \t\t\t   \t<!--  \t\tBEGIN: Content of extension \"hpo_relatedlink\", plugin \"tx_hporelatedlink_pi1\"  \t--> \t<\/p>\n<div> \t\t \t<\/div>\n<p> \t \t<!-- END: Content of extension \"hpo_relatedlink\", plugin \"tx_hporelatedlink_pi1\" -->  \t<\/div>\n<p> \t<!--  CONTENT ELEMENT, uid:16138\/textpic [end] --> \t\t \t<!--  CONTENT ELEMENT, uid:16139\/textpic [begin] --> \t\t<\/p>\n<div id=\"c16139\"> \t\t<!--  Image block: [begin] --> \t\t\t<\/p>\n<div>\n<div> \t\t<!--  Text: [begin] --> \t\t\t<\/p>\n<p><span>Barbados<\/span> <\/p>\n<p>ICOM Barbados fue el introductor del tema del D\u00eda Internacional de los Museos 2014: \u201cLos v\u00ednculos creados por las colecciones de los museos\u201d. Camisetas con la frase everyone collects (todos coleccionamos) fueron distribuidas para esta ocasi\u00f3n (en la foto). <\/p>\n<p>La inscripci\u00f3n est\u00e1 formada por pictogramas que representan objetos que pueden proceder de museos o colecciones individuales.<\/p>\n<p> \t\t<!--  Text: [end] --> \t\t\t<\/div>\n<div><img decoding=\"async\" src=\"http:\/\/imd2016.mini.icom.museum\/wp-content\/uploads\/sites\/53\/2019\/01\/Barbados2014_02.jpg\" alt=\"\"><\/div>\n<\/p><\/div>\n<div><!-- --><\/div>\n<p> \t\t<!--  Image block: [end] --> \t\t\t   \t<!--  \t\tBEGIN: Content of extension \"hpo_relatedlink\", plugin \"tx_hporelatedlink_pi1\"  \t--> \t<\/p>\n<div> \t\t \t<\/div>\n<p> \t \t<!-- END: Content of extension \"hpo_relatedlink\", plugin \"tx_hporelatedlink_pi1\" -->  \t<\/div>\n<p> \t<!--  CONTENT ELEMENT, uid:16139\/textpic [end] --> \t\t \t<!--  CONTENT ELEMENT, uid:16140\/textpic [begin] --> \t\t<\/p>\n<div id=\"c16140\"> \t\t<!--  Image block: [begin] --> \t\t\t<\/p>\n<div>\n<div> \t\t<!--  Text: [begin] --> \t\t\t<\/p>\n<div>\n<p><span>Pakist\u00e1n<\/span><\/p>\n<\/div>\n<div>\n<p>En Pakist\u00e1n, el State Bank Museum organiz\u00f3 dos talleres dedicados a la conservaci\u00f3n de monedas y la reproducci\u00f3n de obras de arte (en la foto). Los participantes tuvieron a su disposici\u00f3n escayola y pintura para crear r\u00e9plicas de un objeto del museo que sirvi\u00f3 como modelo.<\/p>\n<\/div>\n<div>\n<p>Tambi\u00e9n fueron programadas una b\u00fasqueda del tesoro y una proyecci\u00f3n.<\/p>\n<\/div>\n<p> \t\t<!--  Text: [end] --> \t\t\t<\/div>\n<div><img decoding=\"async\" src=\"http:\/\/imd2016.mini.icom.museum\/wp-content\/uploads\/sites\/53\/2019\/01\/pakistan2014_02.jpg\" alt=\"\"><\/div>\n<\/p><\/div>\n<div><!-- --><\/div>\n<p> \t\t<!--  Image block: [end] --> \t\t\t   \t<!--  \t\tBEGIN: Content of extension \"hpo_relatedlink\", plugin \"tx_hporelatedlink_pi1\"  \t--> \t<\/p>\n<div> \t\t \t<\/div>\n<p> \t \t<!-- END: Content of extension \"hpo_relatedlink\", plugin \"tx_hporelatedlink_pi1\" -->  \t<\/div>\n<p> \t<!--  CONTENT ELEMENT, uid:16140\/textpic [end] --> \t\t \t<!--  CONTENT ELEMENT, uid:16141\/textpic [begin] --> \t\t<\/p>\n<div id=\"c16141\"> \t\t<!--  Image block: [begin] --> \t\t\t<\/p>\n<div>\n<div> \t\t<!--  Text: [begin] --> \t\t\t<\/p>\n<p><span>Burkina Faso<\/span> <\/p>\n<p>Los representantes de diez museos se reunieron con cerca de 40 profesionales y simpatizantes en la ciudad de Koudougou (Burkina Faso). <\/p>\n<p>Se organizaron talleres de formaci\u00f3n y se visitaron lugares tur\u00edsticos. En Bazoul\u00e9, los participantes estuvieron en la balsa de los cocodrilos sagrados y recorrieron las salas del Mus\u00e9e des Arts et des savoirs Mossi (en la foto).<\/p>\n<p> \t\t<!--  Text: [end] --> \t\t\t<\/div>\n<div><img decoding=\"async\" src=\"http:\/\/imd2016.mini.icom.museum\/wp-content\/uploads\/sites\/53\/2019\/01\/burkina2014_02.jpg\" alt=\"\"><\/div>\n<\/p><\/div>\n<div><!-- --><\/div>\n<p> \t\t<!--  Image block: [end] --> \t\t\t   \t<!--  \t\tBEGIN: Content of extension \"hpo_relatedlink\", plugin \"tx_hporelatedlink_pi1\"  \t--> \t<\/p>\n<div> \t\t \t<\/div>\n<p> \t \t<!-- END: Content of extension \"hpo_relatedlink\", plugin \"tx_hporelatedlink_pi1\" -->  \t<\/div>\n<p> \t<!--  CONTENT ELEMENT, uid:16141\/textpic [end] --> \t\t \t<!--  CONTENT ELEMENT, uid:16142\/textpic [begin] --> \t\t<\/p>\n<div id=\"c16142\"> \t\t<!--  Image block: [begin] --> \t\t\t<\/p>\n<div>\n<div><img decoding=\"async\" src=\"http:\/\/imd2016.mini.icom.museum\/wp-content\/uploads\/sites\/53\/2019\/01\/oman2014_02.jpg\" alt=\"\"><\/div>\n<div> \t\t<!--  Text: [begin] --> \t\t\t<\/p>\n<div>\n<p><span>Om\u00e1n<\/span><\/p>\n<\/div>\n<div>\n<p>En Om\u00e1n, una jornada de trabajo sobre el tema del D\u00eda Internacional de los Museos sirvi\u00f3 para reunir a los profesionales en el centro de conferencias del Ministerio de Turismo en Mascate (en la foto).<\/p>\n<\/div>\n<div>\n<p>\u201cEstos talleres nos han permitido recoger testimonios relativos a los problemas contempor\u00e1neos que surgen en los museos\u201d, confes\u00f3 el director del Departamento de Museos del Ministerio de Patrimonio y Cultura.<\/p>\n<\/div>\n<p> \t\t<!--  Text: [end] --> \t\t\t<\/div>\n<\/p><\/div>\n<div><!-- --><\/div>\n<p> \t\t<!--  Image block: [end] --> \t\t\t   \t<!--  \t\tBEGIN: Content of extension \"hpo_relatedlink\", plugin \"tx_hporelatedlink_pi1\"  \t--> \t<\/p>\n<div> \t\t \t<\/div>\n<p> \t \t<!-- END: Content of extension \"hpo_relatedlink\", plugin \"tx_hporelatedlink_pi1\" -->  \t<\/div>\n<p> \t<!--  CONTENT ELEMENT, uid:16142\/textpic [end] --> \t\t \t<!--  CONTENT ELEMENT, uid:16144\/textpic [begin] --> \t\t<\/p>\n<div id=\"c16144\"> \t\t<!--  Image block: [begin] --> \t\t\t<\/p>\n<div>\n<div> \t\t<!--  Text: [begin] --> \t\t\t<\/p>\n<div>\n<p><span>Malta<\/span><\/p>\n<\/div>\n<div>\n<p>Organizado por ICOM Malta, el concurso MySelfie \u2013 My Cultural Identity fue una forma original de celebrar el D\u00eda Internacional de los Museos.<\/p>\n<\/div>\n<div>\n<p>El objetivo de la competici\u00f3n fue el de sensibilizar al p\u00fablico ante las colecciones de los museos. Las fotos fueron recogidas en la p\u00e1gina de Facebook del evento, junto con una inscripci\u00f3n que argumentaba la elecci\u00f3n del objeto y del museo. La foto ganadora fue tomada en el Museo de Domus Romana (en la foto).<\/p>\n<\/div>\n<p> \t\t<!--  Text: [end] --> \t\t\t<\/div>\n<div><img decoding=\"async\" src=\"http:\/\/imd2016.mini.icom.museum\/wp-content\/uploads\/sites\/53\/2019\/01\/malta2014_02.jpg\" alt=\"\"><\/div>\n<\/p><\/div>\n<div><!-- --><\/div>\n<p> \t\t<!--  Image block: [end] --> \t\t\t   \t<!--  \t\tBEGIN: Content of extension \"hpo_relatedlink\", plugin \"tx_hporelatedlink_pi1\"  \t--> \t<\/p>\n<div> \t\t \t<\/div>\n<p> \t \t<!-- END: Content of extension \"hpo_relatedlink\", plugin \"tx_hporelatedlink_pi1\" -->  \t<\/div>\n<p> \t<!--  CONTENT ELEMENT, uid:16144\/textpic [end] --> \t\t<!--TYPO3SEARCH_end--> <\/div>\n","protected":false},"excerpt":{"rendered":"<p>China En el Museo de las comunicaciones de Macao, el seminario titulado \u201cAntiguos temas, nuevas experiencias\u201d organizado por los comisarios del Museo de ciencias de Hong Kong, sirvi\u00f3 como introducci\u00f3n de un ciclo de conferencias. Posteriormente, una feria de los museos dio lugar a numerosas conferencias y animaciones, y en el Museo de Macao, el [&hellip;]<\/p>\n","protected":false},"author":1,"featured_media":0,"parent":132,"menu_order":1,"comment_status":"closed","ping_status":"closed","template":"","meta":{"footnotes":""},"yst_prominent_words":[],"acf":[],"_links":{"self":[{"href":"https:\/\/imd2016.mini.icom.museum\/es\/wp-json\/wp\/v2\/pages\/1263"}],"collection":[{"href":"https:\/\/imd2016.mini.icom.museum\/es\/wp-json\/wp\/v2\/pages"}],"about":[{"href":"https:\/\/imd2016.mini.icom.museum\/es\/wp-json\/wp\/v2\/types\/page"}],"author":[{"embeddable":true,"href":"https:\/\/imd2016.mini.icom.museum\/es\/wp-json\/wp\/v2\/users\/1"}],"replies":[{"embeddable":true,"href":"https:\/\/imd2016.mini.icom.museum\/es\/wp-json\/wp\/v2\/comments?post=1263"}],"version-history":[{"count":1,"href":"https:\/\/imd2016.mini.icom.museum\/es\/wp-json\/wp\/v2\/pages\/1263\/revisions"}],"predecessor-version":[{"id":1366,"href":"https:\/\/imd2016.mini.icom.museum\/es\/wp-json\/wp\/v2\/pages\/1263\/revisions\/1366"}],"up":[{"embeddable":true,"href":"https:\/\/imd2016.mini.icom.museum\/es\/wp-json\/wp\/v2\/pages\/132"}],"wp:attachment":[{"href":"https:\/\/imd2016.mini.icom.museum\/es\/wp-json\/wp\/v2\/media?parent=1263"}],"wp:term":[{"taxonomy":"yst_prominent_words","embeddable":true,"href":"https:\/\/imd2016.mini.icom.museum\/es\/wp-json\/wp\/v2\/yst_prominent_words?post=1263"}],"curies":[{"name":"wp","href":"https:\/\/api.w.org\/{rel}","templated":true}]}}