{"id":144,"date":"2019-01-08T01:59:20","date_gmt":"2019-01-08T01:59:20","guid":{"rendered":"http:\/\/imd2016.icom.cust.oxymium.net\/imd-2016\/el-tema\/"},"modified":"2019-01-08T02:06:43","modified_gmt":"2019-01-08T02:06:43","slug":"el-tema","status":"publish","type":"page","link":"https:\/\/imd2016.mini.icom.museum\/es\/dim-2016\/el-tema\/","title":{"rendered":"El tema"},"content":{"rendered":"<div id=\"RTE_CONTENT\"> <!--TYPO3SEARCH_begin--> \t<!--  CONTENT ELEMENT, uid:16072\/textpic [begin] --> \t\t<\/p>\n<div id=\"c16072\"> \t\t<!--  Image block: [begin] --> \t\t\t<\/p>\n<div> \t\t<!--  Text: [begin] --> \t\t\t<\/p>\n<p>La red del ICOM elige cada a\u00f1o un tema para el D\u00eda Internacional de los Museos, cuyo objetivo es compartir las preocupaciones de la comunidad muse\u00edstica con la sociedad.\u00a0 <\/p>\n<p>En 2016 el evento girar\u00e1 en torno al tema: <i><b>Museos y Paisajes Culturales<\/b><\/i>.\u00a0 <\/p>\n<p>S\u00edntesis de naturaleza e historia, un paisaje cultural es un territorio en mutaci\u00f3n y constante evoluci\u00f3n: transige con una identidad geol\u00f3gica espec\u00edfica y las transformaciones impuestas por el tiempo y los hombres. Los individuos y colectividades velan por la protecci\u00f3n y valorizaci\u00f3n de ese paisaje.\u00a0 Estas misiones son tambi\u00e9n relevadas por los museos, depositarios de objetos y bienes que son otros tantos testimonios materiales e inmateriales de un territorio m\u00e1s o menos vasto.\u00a0 <\/p>\n<p>El tema \u00ab\u00a0Museos y Paisajes Culturales\u00a0\u00bb presupone una forma de responsabilidad de los museos con respecto al paisaje del que hacen parte, al cual pueden aportar su contribuci\u00f3n de conocimientos y competencias propias, siendo protagonistas activos de su gesti\u00f3n y buen mantenimiento. La misi\u00f3n principal de los museos es velar sobre el patrimonio, que est\u00e9 dentro o fuera de sus muros. Su vocaci\u00f3n natural es de ampliar su misi\u00f3n y desplegar sus propias actividades en el campo abierto del patrimonio cultural y del paisaje que los entorna y del cual pueden asumir la responsabilidad, en grados diversos.\u00a0 <\/p>\n<p>A la visi\u00f3n de un museo comprometido principalmente en la conservaci\u00f3n, la exposici\u00f3n y la comunicaci\u00f3n sobre sus propias colecciones, se le substituye otra m\u00e1s respetuosa de la naturaleza, una instituci\u00f3n que cumple tambi\u00e9n con investigaciones y produce, adquiere y difunde conocimientos sobre el territorio que los entorna, y sensibiliza a las comunidades que viven all\u00ed en tener otra percepci\u00f3n de su paisaje. Al asumir tareas que no se limitan a sus colecciones, tambi\u00e9n se les alienta a ampliar, valorizar e incrementar sus colecciones y su patrimonio de conocimientos y competencias.\u00a0 <\/p>\n<p><b>Resaltar el lazo existente entre los museos y el patrimonio cultural, es tambi\u00e9n hacer surgir la idea de museos como centro territorial de una protecci\u00f3n activa del paisaje cultural.\u00a0<\/b> <\/p>\n<p>Responsable del paisaje que lo rodea, el museo tiene igualmente la misi\u00f3n de proteger y conservar el patrimonio ambiental, con el fin de promover un desarrollo respetuoso de sus caracteres identitarios, de com\u00fan acuerdo y en colaboraci\u00f3n con todas las entidades \u2013 p\u00fablicas y privadas &#8211; que en diversos aspectos le acuerdan inter\u00e9s. Un museo responsable del paisaje asume, al mismo tiempo, su rol de centro de interpretaci\u00f3n del patrimonio y del territorio, promoviendo su conocimiento y sensibilizando a sus habitantes y a los que lo visitan en sus valores constitutivos, solicit\u00e1ndoles su intervenci\u00f3n para su conservaci\u00f3n, su promoci\u00f3n y su enriquecimiento.\u00a0 \u00a0 <\/p>\n<p><b> El paisaje, por naturaleza, esta en constante evoluci\u00f3n y no se le podr\u00eda fijar o convertir en museo. <\/b>Protegerlo y conservarlo viene a ser impedir que sus transformaciones tengan como consecuencia el aniquilamiento, la desfiguraci\u00f3n o la degradaci\u00f3n de sus caracteres identitarios. Los museos pueden as\u00ed aportar de manera importante en la administraci\u00f3n de un territorio que respete los valores del paisaje, brindando conocimientos sobre el territorio, el patrimonio y el paisaje; gracias a actividades de protecci\u00f3n, conservaci\u00f3n, interpretaci\u00f3n del patrimonio cultural llevados a cabo al interior y al exterior de sus muros; v\u00eda participaci\u00f3n activa en las pol\u00edticas publicas y urbanas y en la definici\u00f3n y la puesta en aplicaci\u00f3n de pol\u00edticas de paisaje.\u00a0<\/p>\n<p> \t\t<!--  Text: [end] --> \t\t\t<\/div>\n<p> \t\t<!--  Image block: [end] --> \t\t\t   \t<!--  \t\tBEGIN: Content of extension \"hpo_relatedlink\", plugin \"tx_hporelatedlink_pi1\"  \t--> \t<\/p>\n<div> \t\t \t<\/div>\n<p> \t \t<!-- END: Content of extension \"hpo_relatedlink\", plugin \"tx_hporelatedlink_pi1\" -->  \t<\/div>\n<p> \t<!--  CONTENT ELEMENT, uid:16072\/textpic [end] --> \t\t<!--TYPO3SEARCH_end--> <\/div>\n","protected":false},"excerpt":{"rendered":"<p>La red del ICOM elige cada a\u00f1o un tema para el D\u00eda Internacional de los Museos, cuyo objetivo es compartir las preocupaciones de la comunidad muse\u00edstica con la sociedad.\u00a0 En 2016 el evento girar\u00e1 en torno al tema: Museos y Paisajes Culturales.\u00a0 S\u00edntesis de naturaleza e historia, un paisaje cultural es un territorio en mutaci\u00f3n [&hellip;]<\/p>\n","protected":false},"author":1,"featured_media":0,"parent":129,"menu_order":0,"comment_status":"closed","ping_status":"closed","template":"","meta":{"footnotes":""},"yst_prominent_words":[],"acf":[],"_links":{"self":[{"href":"https:\/\/imd2016.mini.icom.museum\/es\/wp-json\/wp\/v2\/pages\/144"}],"collection":[{"href":"https:\/\/imd2016.mini.icom.museum\/es\/wp-json\/wp\/v2\/pages"}],"about":[{"href":"https:\/\/imd2016.mini.icom.museum\/es\/wp-json\/wp\/v2\/types\/page"}],"author":[{"embeddable":true,"href":"https:\/\/imd2016.mini.icom.museum\/es\/wp-json\/wp\/v2\/users\/1"}],"replies":[{"embeddable":true,"href":"https:\/\/imd2016.mini.icom.museum\/es\/wp-json\/wp\/v2\/comments?post=144"}],"version-history":[{"count":1,"href":"https:\/\/imd2016.mini.icom.museum\/es\/wp-json\/wp\/v2\/pages\/144\/revisions"}],"predecessor-version":[{"id":1373,"href":"https:\/\/imd2016.mini.icom.museum\/es\/wp-json\/wp\/v2\/pages\/144\/revisions\/1373"}],"up":[{"embeddable":true,"href":"https:\/\/imd2016.mini.icom.museum\/es\/wp-json\/wp\/v2\/pages\/129"}],"wp:attachment":[{"href":"https:\/\/imd2016.mini.icom.museum\/es\/wp-json\/wp\/v2\/media?parent=144"}],"wp:term":[{"taxonomy":"yst_prominent_words","embeddable":true,"href":"https:\/\/imd2016.mini.icom.museum\/es\/wp-json\/wp\/v2\/yst_prominent_words?post=144"}],"curies":[{"name":"wp","href":"https:\/\/api.w.org\/{rel}","templated":true}]}}