{"id":1142,"date":"2019-01-08T02:05:43","date_gmt":"2019-01-08T02:05:43","guid":{"rendered":"http:\/\/imd2016.icom.cust.oxymium.net\/imd-2016\/organiser-votre-jim\/"},"modified":"2019-01-08T02:06:38","modified_gmt":"2019-01-08T02:06:38","slug":"organiser-votre-jim","status":"publish","type":"page","link":"https:\/\/imd2016.mini.icom.museum\/fr\/jim-2016\/organiser-votre-jim\/","title":{"rendered":"Organiser votre JIM"},"content":{"rendered":"<div id=\"RTE_CONTENT\"> <!--TYPO3SEARCH_begin--> \t<!--  CONTENT ELEMENT, uid:16080\/textpic [begin] --> \t\t<\/p>\n<div id=\"c16080\"> \t\t<!--  Image block: [begin] --> \t\t\t<\/p>\n<div> \t\t<!--  Text: [begin] --> \t\t\t<\/p>\n<p>Pour que la Journ\u00e9e internationale des mus\u00e9es soit \u00e0 la hauteur de ses ambitions, nous avons besoin de vous\u00a0! \u00a0  <\/p>\n<p>Vous \u00eates en effet les ambassadeurs de cette journ\u00e9e\u00a0: c\u2019est gr\u00e2ce aux activit\u00e9s que vous organisez et \u00e0 la diffusion de l\u2019information que vous mettez en place que cette manifestation est un succ\u00e8s ann\u00e9e apr\u00e8s ann\u00e9e. \u00a0  <\/p>\n<p>Au-del\u00e0 du programme d\u2019activit\u00e9s que vous coordonnez et qui s\u2019inscrit dans un programme plus vaste, national ou r\u00e9gional, votre contribution est pr\u00e9cieuse pour\u00a0:  <\/p>\n<p>\u00a0<\/p>\n<ul>\n<li> <b>instaurer des partenariats<\/b> \u00a0avec des \u00e9coles, des associations, d\u2019autres mus\u00e9es, etc., afin de promouvoir la manifestation comme un moment d\u2019\u00e9change et de collaboration\u00a0; \u00a0 \u00a0 \u00a0<\/li>\n<li> <b><a href=\"http:\/\/imd2016.icom.cust.oxymium.net\/fr\/imd-2016\/laffiche\/\" title=\"Opens internal link in current window\">utiliser et diffuser le mat\u00e9riel graphique cr\u00e9\u00e9 pour l\u2019\u00e9v\u00e9nement<\/a><\/b> \u00a0afin de diffuser l\u2019information de mani\u00e8re plus soutenue dans le monde entier\u00a0; \u00a0 \u00a0\u00a0\u00a0 <\/li>\n<li> <b>relayer l\u2019information<\/b> concernant la Journ\u00e9e internationale des mus\u00e9es aupr\u00e8s du public par le biais de votre espace web (site internet, r\u00e9seaux sociaux, etc.)\u00a0; \u00a0 \u00a0\u00a0\u00a0 <\/li>\n<li> <b>envoyer un communiqu\u00e9 de presse<\/b> sur la Journ\u00e9e internationale des mus\u00e9es aux m\u00e9dias ou organiser une conf\u00e9rence de presse afin de garantir la visibilit\u00e9 de votre mus\u00e9e et de l\u2019\u00e9v\u00e9nement\u00a0; \u00a0 \u00a0\u00a0\u00a0\u00a0\u00a0 <\/li>\n<li> <b>b\u00e9n\u00e9ficier d\u2019une visibilit\u00e9 \u00e0 l\u2019\u00e9chelle internationale<\/b> sur vos activit\u00e9s avant et apr\u00e8s la manifestation en partageant vos activit\u00e9s pour la Journ\u00e9e internationale des mus\u00e9es avec le Secr\u00e9tariat g\u00e9n\u00e9ral de l\u2019ICOM. Nous les diffuserons \u00e0 travers le r\u00e9seau de l\u2019ICOM, les r\u00e9seaux sociaux et sur notre site internet d\u00e9di\u00e9. Cela nous permet aussi de constituer d\u2019ann\u00e9e en ann\u00e9e des archives sur la Journ\u00e9e internationale des mus\u00e9es. \u00a0<\/li>\n<\/ul>\n<p> <!--  Text: [end] --> <\/div>\n<p> \t\t<!--  Image block: [end] --> \t\t\t   \t<!--  \t\tBEGIN: Content of extension \"hpo_relatedlink\", plugin \"tx_hporelatedlink_pi1\"  \t--> \t<\/p>\n<div> \t\t \t<\/div>\n<p> \t \t<!-- END: Content of extension \"hpo_relatedlink\", plugin \"tx_hporelatedlink_pi1\" -->  \t<\/div>\n<p> \t<!--  CONTENT ELEMENT, uid:16080\/textpic [end] --> \t\t \t<!--  CONTENT ELEMENT, uid:16082\/textpic [begin] --> \t\t<\/p>\n<div id=\"c16082\"> \t\t<!--  Image block: [begin] --> \t\t\t<\/p>\n<div> \t\t<!--  Text: [begin] --> \t\t\t<\/p>\n<p> La Journ\u00e9e internationale des mus\u00e9es attire l\u2019attention du grand public et des professionnels des mus\u00e9es. Nous esp\u00e9rons que vous allez planifier votre propre activit\u00e9 en suivant les principes g\u00e9n\u00e9raux de la Journ\u00e9e internationale des mus\u00e9es. Les programmes des \u00e9ditions pr\u00e9c\u00e9dentes de la Journ\u00e9e internationale des mus\u00e9es, qu\u2019ils soient originaux ou conventionnels, avec un budget limit\u00e9 ou avec des activit\u00e9s d\u2019une port\u00e9e g\u00e9n\u00e9rale, vous seront une source d\u2019inspiration pour vos propres pr\u00e9parations. \u00a0  <\/p>\n<p>Nous vous recommandons de suivre les huit \u00e9tapes suivantes\u00a0: \u00a0  <\/p>\n<p><b>1.\u00a0\u00a0\u00a0\u00a0\u00a0\u00a0 Cibler un public pr\u00e9cis<\/b><br \/>\u00a0Visiteurs r\u00e9guliers ? Un nouveau public\u00a0? Des personnes socialement d\u00e9favoris\u00e9es\u00a0? Un public sp\u00e9cifique\u00a0: enfants, adolescents, personnes \u00e2g\u00e9es, personnes handicap\u00e9es, etc.\u00a0? Vous trouverez \u00a0<a href=\"http:\/\/imd2016.icom.cust.oxymium.net\/fr\/press\/galerie\/\" title=\"Opens internal link in current window\">des exemples d\u2019activit\u00e9s<\/a> qui ciblent diff\u00e9rents publics. \u00a0  <\/p>\n<p><b>2.\u00a0\u00a0\u00a0\u00a0\u00a0\u00a0 D\u00e9finir vos objectifs <\/b><br \/>Toucher un nouveau public\u00a0? Attirer diff\u00e9rents types de visiteurs\u00a0? Am\u00e9liorer la visibilit\u00e9 du mus\u00e9e\u00a0? Mettre en avant votre appartenance \u00e0 la collectivit\u00e9 ? Vous faire entendre des autorit\u00e9s publiques\u00a0? Vous faire conna\u00eetre de partenaires potentiels\u00a0? \u00a0  <\/p>\n<p><b>3.\u00a0\u00a0\u00a0\u00a0\u00a0\u00a0 Positionner votre mus\u00e9e <\/b><br \/>Les objectifs que vous d\u00e9finissez peuvent \u00e9galement \u00eatre li\u00e9s au positionnement de votre mus\u00e9e. La Journ\u00e9e internationale des mus\u00e9es permet de montrer l\u2019importance des mus\u00e9es dans la soci\u00e9t\u00e9 et d\u2019en souligner les diff\u00e9rentes facettes. Il s\u2019agit donc de trouver le positionnement qui convient le mieux \u00e0 votre institution\u00a0: mus\u00e9e innovateur\u00a0? Mus\u00e9e \u00e0 l\u2019\u00e9coute des probl\u00e9matiques sociales\u00a0? Mus\u00e9e dynamique\u00a0? Mus\u00e9e en contact avec son public\u00a0? Mus\u00e9e vecteur de tourisme\u00a0? \u00a0  <\/p>\n<p>4.\u00a0\u00a0\u00a0\u00a0\u00a0\u00a0 <b>\u00c9tablir des accords de partenariats institutionnels et de m\u00e9c\u00e9nat <\/b><br \/>La Journ\u00e9e internationale des mus\u00e9es est l\u2019occasion de cr\u00e9er des partenariats \u00e0 l\u2019\u00e9chelle locale, nationale ou internationale concernant des collections, la m\u00e9diation ou des financements. La collaboration peut \u00eatre mise en \u0153uvre avec des mus\u00e9es, des associations, des entreprises priv\u00e9es, d\u2019autres professionnels des mus\u00e9es, et plus encore. \u00a0  <\/p>\n<p><b>5.\u00a0\u00a0\u00a0\u00a0\u00a0\u00a0 D\u00e9velopper un budget pr\u00e9cis <\/b><br \/>La Journ\u00e9e internationale des mus\u00e9es peut \u00eatre organis\u00e9e dans une structure de grande taille comme dans des petites institutions. Les moyens humains et financiers mis au service de l\u2019\u00e9v\u00e9nement d\u00e9pendront \u00e9galement du rayonnement que vous souhaitez donner \u00e0 la manifestation. \u00a0  <\/p>\n<p><b>6.\u00a0\u00a0\u00a0\u00a0\u00a0\u00a0 Cr\u00e9er un programme inattendu <\/b><br \/>Retrouvez <a href=\"http:\/\/imd2016.icom.cust.oxymium.net\/fr\/press\/galerie\/\" title=\"Opens internal link in current window\">quelques id\u00e9es avec des exemples d\u2019activit\u00e9s r\u00e9ussies<\/a> lors de pr\u00e9c\u00e9dentes \u00e9ditions de la Journ\u00e9e internationale des mus\u00e9es. Un programme d\u2019activit\u00e9s inattendu est la cl\u00e9 de votre succ\u00e8s\u00a0! \u00a0  <\/p>\n<p><b>7.\u00a0\u00a0\u00a0\u00a0\u00a0\u00a0 \u00c9laborer une strat\u00e9gie de communication et de promotion <\/b><br \/>Nous avons d\u00e9velopp\u00e9 <a href=\"http:\/\/imd2016.mini.icom.museum\/wp-content\/uploads\/sites\/53\/2019\/01\/151006_IMD2016_musees_kit-FR.pdf\" title=\"151006_IMD2016_musees_kit-FR.pdf (1.9 MB)\">un ensemble d\u2019outils de communication<\/a> pour vous aider \u00e0 mettre en \u0153uvre votre strat\u00e9gie. L\u2019ICOM et son r\u00e9seau peut \u00e9galement \u00eatre un de vos moyens de communication. \u00a0  <\/p>\n<p><b>8.\u00a0\u00a0\u00a0\u00a0\u00a0\u00a0 Faire un bilan de l\u2019\u00e9v\u00e9nement\u00a0 <\/b><br \/>Il est important d\u2019\u00e9valuer le succ\u00e8s de votre Journ\u00e9e internationale des mus\u00e9es et son impact. Il est donc essentiel de d\u00e9finir des crit\u00e8res de succ\u00e8s, en fonction des objectifs d\u00e9finis. Par exemple\u00a0: le nombre de visiteurs, la cr\u00e9ation de partenariats de longue dur\u00e9e, le nombre d\u2019articles dans la presse, etc.<\/p>\n<p> \t\t<!--  Text: [end] --> \t\t\t<\/div>\n<p> \t\t<!--  Image block: [end] --> \t\t\t   \t<!--  \t\tBEGIN: Content of extension \"hpo_relatedlink\", plugin \"tx_hporelatedlink_pi1\"  \t--> \t<\/p>\n<div> \t\t \t<\/div>\n<p> \t \t<!-- END: Content of extension \"hpo_relatedlink\", plugin \"tx_hporelatedlink_pi1\" -->  \t<\/div>\n<p> \t<!--  CONTENT ELEMENT, uid:16082\/textpic [end] --> \t\t<!--TYPO3SEARCH_end--> <\/div>\n","protected":false},"excerpt":{"rendered":"<p>Pour que la Journ\u00e9e internationale des mus\u00e9es soit \u00e0 la hauteur de ses ambitions, nous avons besoin de vous\u00a0! \u00a0 Vous \u00eates en effet les ambassadeurs de cette journ\u00e9e\u00a0: c\u2019est gr\u00e2ce aux activit\u00e9s que vous organisez et \u00e0 la diffusion de l\u2019information que vous mettez en place que cette manifestation est un succ\u00e8s ann\u00e9e apr\u00e8s [&hellip;]<\/p>\n","protected":false},"author":1,"featured_media":0,"parent":128,"menu_order":3,"comment_status":"closed","ping_status":"closed","template":"","meta":{"footnotes":""},"yst_prominent_words":[],"acf":[],"_links":{"self":[{"href":"https:\/\/imd2016.mini.icom.museum\/fr\/wp-json\/wp\/v2\/pages\/1142"}],"collection":[{"href":"https:\/\/imd2016.mini.icom.museum\/fr\/wp-json\/wp\/v2\/pages"}],"about":[{"href":"https:\/\/imd2016.mini.icom.museum\/fr\/wp-json\/wp\/v2\/types\/page"}],"author":[{"embeddable":true,"href":"https:\/\/imd2016.mini.icom.museum\/fr\/wp-json\/wp\/v2\/users\/1"}],"replies":[{"embeddable":true,"href":"https:\/\/imd2016.mini.icom.museum\/fr\/wp-json\/wp\/v2\/comments?post=1142"}],"version-history":[{"count":1,"href":"https:\/\/imd2016.mini.icom.museum\/fr\/wp-json\/wp\/v2\/pages\/1142\/revisions"}],"predecessor-version":[{"id":1356,"href":"https:\/\/imd2016.mini.icom.museum\/fr\/wp-json\/wp\/v2\/pages\/1142\/revisions\/1356"}],"up":[{"embeddable":true,"href":"https:\/\/imd2016.mini.icom.museum\/fr\/wp-json\/wp\/v2\/pages\/128"}],"wp:attachment":[{"href":"https:\/\/imd2016.mini.icom.museum\/fr\/wp-json\/wp\/v2\/media?parent=1142"}],"wp:term":[{"taxonomy":"yst_prominent_words","embeddable":true,"href":"https:\/\/imd2016.mini.icom.museum\/fr\/wp-json\/wp\/v2\/yst_prominent_words?post=1142"}],"curies":[{"name":"wp","href":"https:\/\/api.w.org\/{rel}","templated":true}]}}