{"id":1148,"date":"2019-01-08T02:05:53","date_gmt":"2019-01-08T02:05:53","guid":{"rendered":"http:\/\/imd2016.icom.cust.oxymium.net\/imd-2016\/partenaires\/"},"modified":"2019-01-08T02:06:38","modified_gmt":"2019-01-08T02:06:38","slug":"partenaires","status":"publish","type":"page","link":"https:\/\/imd2016.mini.icom.museum\/fr\/jim-2016\/partenaires\/","title":{"rendered":"Partenaires"},"content":{"rendered":"<div id=\"RTE_CONTENT\"> <!--TYPO3SEARCH_begin--> \t<!--  CONTENT ELEMENT, uid:16083\/textpic [begin] --> \t\t<\/p>\n<div id=\"c16083\"> \t\t<!--  Image block: [begin] --> \t\t\t<\/p>\n<div> \t\t<!--  Text: [begin] --> \t\t\t<\/p>\n<p><span>Semantika<\/span>  <\/p>\n<p>En 2016 comme en 2015, la carte interactive des \u00e9v\u00e9nements li\u00e9s \u00e0 la Journ\u00e9e internationale des mus\u00e9es sera r\u00e9alis\u00e9e par Semantika, fournisseur mondial de solutions IT pour le secteur du patrimoine culturel ayant \u00e0 son actif un nombre record d\u2019innovations technologiques, de design intelligents et d\u2019accords pour des partenariats strat\u00e9giques. Le groupe Semantika est expert dans le d\u00e9veloppement et l\u2019int\u00e9gration des applications web et mobiles, en particulier Museums.EU et Museu.ms, ce qui a permis l\u2019ouverture du patrimoine mondial \u00e0 un public international.\u00a0<\/p>\n<p> \t\t<!--  Text: [end] --> \t\t\t<\/div>\n<p> \t\t<!--  Image block: [end] --> \t\t\t   \t<!--  \t\tBEGIN: Content of extension \"hpo_relatedlink\", plugin \"tx_hporelatedlink_pi1\"  \t--> \t<\/p>\n<div> \t\t \t<\/div>\n<p> \t \t<!-- END: Content of extension \"hpo_relatedlink\", plugin \"tx_hporelatedlink_pi1\" -->  \t<\/div>\n<p> \t<!--  CONTENT ELEMENT, uid:16083\/textpic [end] --> \t\t \t<!--  CONTENT ELEMENT, uid:16084\/textpic [begin] --> \t\t<\/p>\n<div id=\"c16084\"> \t\t<!--  Image block: [begin] --> \t\t\t<\/p>\n<div> \t\t<!--  Text: [begin] --> \t\t\t<\/p>\n<p><span>Nuit europ\u00e9enne des mus\u00e9es<\/span>\u00a0  <\/p>\n<p>Depuis 2011, l&#8217;ICOM accorde son patronage \u00e0 la Nuit europ\u00e9enne des mus\u00e9es, qui a lieu, tous les ans, le samedi le plus proche de la Journ\u00e9e internationale des mus\u00e9es. <\/p>\n<p>Cette ann\u00e9e, la Nuit europ\u00e9enne des mus\u00e9es sera c\u00e9l\u00e9br\u00e9e dans la nuit du 21 au 22 mai 2016. Cr\u00e9\u00e9e en 2005 par le Minist\u00e8re fran\u00e7ais de la Culture et de la Communication, la Nuit europ\u00e9enne des mus\u00e9es permet aux visiteurs de visiter les mus\u00e9es participants, de nuit, gratuitement, en reculant la contrainte horaire de la fermeture, jusqu&#8217;\u00e0 une heure du matin environ. En accueillant le public la nuit, les mus\u00e9es ouvrent \u00e0 une autre visite de leurs collections, une approche plus sensorielle et insolite.  <\/p>\n<p>L&#8217;an dernier, les mus\u00e9es de 33 pays europ\u00e9ens se sont mobilis\u00e9s pour faire de la 11\u00e8me \u00e9dition un moment magique pour les tr\u00e8s nombreux noctambules qui avaient r\u00e9pondu pr\u00e9sents. De nombreuses animations sont propos\u00e9es. Un public diff\u00e9rent, plus jeune et familial, participe massivement \u00e0 cet \u00e9v\u00e9nement festif.\u00a0<\/p>\n<p> \t\t<!--  Text: [end] --> \t\t\t<\/div>\n<p> \t\t<!--  Image block: [end] --> \t\t\t   \t<!--  \t\tBEGIN: Content of extension \"hpo_relatedlink\", plugin \"tx_hporelatedlink_pi1\"  \t--> \t<\/p>\n<div> \t\t \t<\/div>\n<p> \t \t<!-- END: Content of extension \"hpo_relatedlink\", plugin \"tx_hporelatedlink_pi1\" -->  \t<\/div>\n<p> \t<!--  CONTENT ELEMENT, uid:16084\/textpic [end] --> \t\t \t<!--  CONTENT ELEMENT, uid:16085\/textpic [begin] --> \t\t<\/p>\n<div id=\"c16085\"> \t\t<!--  Image block: [begin] --> \t\t\t<\/p>\n<div> \t\t<!--  Text: [begin] --> \t\t\t<\/p>\n<p><span>Le Forum europ\u00e9en du mus\u00e9e (EMF)<\/span> <\/p>\n<p>Cette ann\u00e9e, la remise annuelle du Prix du mus\u00e9e europ\u00e9en de l\u2019ann\u00e9e (EMYA) aura lieu lors de l\u2019Assembl\u00e9e annuelle du Forum europ\u00e9en du mus\u00e9e, qui se tiendra du 13 au 16 mai 2016 au mus\u00e9e Riverside de Glasgow (Royaume-Uni). <\/p>\n<p>Depuis septembre 2013, l\u2019ICOM collabore avec le Forum europ\u00e9en du mus\u00e9e (EMF) qui organise chaque ann\u00e9e la remise annuelle du Prix du mus\u00e9e europ\u00e9en de l\u2019ann\u00e9e. <\/p>\n<p>\u00a0Cr\u00e9\u00e9e la m\u00eame ann\u00e9e que la Journ\u00e9e internationale des mus\u00e9es, le Prix du mus\u00e9e europ\u00e9en de l\u2019ann\u00e9e est d\u00e9cern\u00e9 \u00e0 un mus\u00e9e qui a attir\u00e9 et accueilli ses visiteurs gr\u00e2ce \u00e0 des pratiques mus\u00e9ales et des approches innovantes. Il r\u00e9compense les mus\u00e9es dont le d\u00e9veloppement et l\u2019innovation en mati\u00e8re de communication, de pr\u00e9sentation et d\u2019interpr\u00e9tation ont influenc\u00e9 les normes mus\u00e9ales en Europe. <\/p>\n<p>Cet \u00e9v\u00e9nement encourage l\u2019excellence dans les mus\u00e9es europ\u00e9ens et constitue une occasion de rencontre et de d\u00e9bat autour des probl\u00e9matiques mus\u00e9ales actuelles. <\/p>\n<p>Website: <a href=\"http:\/\/www.europeanmuseumforum.info\" target=\"_blank\">http:\/\/www.europeanmuseumforum.info<\/a> <\/p>\n<p> Facebook page: <a href=\"https:\/\/www.facebook.com\/pages\/European-Museum-Forum\/320602279826\" target=\"_blank\">https:\/\/www.facebook.com\/pages\/European-Museum-Forum\/320602279826<\/a><\/p>\n<p> \t\t<!--  Text: [end] --> \t\t\t<\/div>\n<p> \t\t<!--  Image block: [end] --> \t\t\t   \t<!--  \t\tBEGIN: Content of extension \"hpo_relatedlink\", plugin \"tx_hporelatedlink_pi1\"  \t--> \t<\/p>\n<div> \t\t \t<\/div>\n<p> \t \t<!-- END: Content of extension \"hpo_relatedlink\", plugin \"tx_hporelatedlink_pi1\" -->  \t<\/div>\n<p> \t<!--  CONTENT ELEMENT, uid:16085\/textpic [end] --> \t\t<!--TYPO3SEARCH_end--> <\/div>\n","protected":false},"excerpt":{"rendered":"<p>Semantika En 2016 comme en 2015, la carte interactive des \u00e9v\u00e9nements li\u00e9s \u00e0 la Journ\u00e9e internationale des mus\u00e9es sera r\u00e9alis\u00e9e par Semantika, fournisseur mondial de solutions IT pour le secteur du patrimoine culturel ayant \u00e0 son actif un nombre record d\u2019innovations technologiques, de design intelligents et d\u2019accords pour des partenariats strat\u00e9giques. Le groupe Semantika est [&hellip;]<\/p>\n","protected":false},"author":1,"featured_media":0,"parent":128,"menu_order":5,"comment_status":"closed","ping_status":"closed","template":"","meta":{"footnotes":""},"yst_prominent_words":[],"acf":[],"_links":{"self":[{"href":"https:\/\/imd2016.mini.icom.museum\/fr\/wp-json\/wp\/v2\/pages\/1148"}],"collection":[{"href":"https:\/\/imd2016.mini.icom.museum\/fr\/wp-json\/wp\/v2\/pages"}],"about":[{"href":"https:\/\/imd2016.mini.icom.museum\/fr\/wp-json\/wp\/v2\/types\/page"}],"author":[{"embeddable":true,"href":"https:\/\/imd2016.mini.icom.museum\/fr\/wp-json\/wp\/v2\/users\/1"}],"replies":[{"embeddable":true,"href":"https:\/\/imd2016.mini.icom.museum\/fr\/wp-json\/wp\/v2\/comments?post=1148"}],"version-history":[{"count":1,"href":"https:\/\/imd2016.mini.icom.museum\/fr\/wp-json\/wp\/v2\/pages\/1148\/revisions"}],"predecessor-version":[{"id":1354,"href":"https:\/\/imd2016.mini.icom.museum\/fr\/wp-json\/wp\/v2\/pages\/1148\/revisions\/1354"}],"up":[{"embeddable":true,"href":"https:\/\/imd2016.mini.icom.museum\/fr\/wp-json\/wp\/v2\/pages\/128"}],"wp:attachment":[{"href":"https:\/\/imd2016.mini.icom.museum\/fr\/wp-json\/wp\/v2\/media?parent=1148"}],"wp:term":[{"taxonomy":"yst_prominent_words","embeddable":true,"href":"https:\/\/imd2016.mini.icom.museum\/fr\/wp-json\/wp\/v2\/yst_prominent_words?post=1148"}],"curies":[{"name":"wp","href":"https:\/\/api.w.org\/{rel}","templated":true}]}}