{"id":1169,"date":"2019-01-08T02:06:03","date_gmt":"2019-01-08T02:06:03","guid":{"rendered":"http:\/\/imd2016.icom.cust.oxymium.net\/press\/communiques-de-presse\/"},"modified":"2019-01-08T02:06:37","modified_gmt":"2019-01-08T02:06:37","slug":"communiques-de-presse","status":"publish","type":"page","link":"https:\/\/imd2016.mini.icom.museum\/fr\/presse\/communiques-de-presse\/","title":{"rendered":"Communiqu\u00e9s de presse"},"content":{"rendered":"<div id=\"RTE_CONTENT\"> <!--TYPO3SEARCH_begin--> \t<!--  CONTENT ELEMENT, uid:17608\/textpic [begin] --> \t\t<\/p>\n<div id=\"c17608\"> \t\t<!--  Image block: [begin] --> \t\t\t<\/p>\n<div> \t\t<!--  Text: [begin] --> \t\t\t<\/p>\n<p><b>Journ\u00e9e internationale des mus\u00e9es 2016\u00a0: Mus\u00e9es et paysages culturels<\/b> <\/p>\n<\/p>\n<div>\n<div>\n<div>\n<h3>Le paysage est un espace, tel que per\u00e7u par les populations, dont le caract\u00e8re r\u00e9sulte de l&#8217;action et de l&#8217;interaction de facteurs naturels et\/ou humains. (Convention europ\u00e9enne du paysage, adopt\u00e9e le 20 octobre 2000 \u00e0 Florence, Italie)<\/h3>\n<ul>\n<li><a href=\"http:\/\/www.coe.int\/fr\/web\/conventions\/full-list\/-\/conventions\/treaty\/176\" target=\"_top\">Convention europ\u00e9enne du paysage<\/a><\/li>\n<\/ul><\/div>\n<\/p><\/div>\n<\/p><\/div>\n<p> C\u2019est autour du 18 mai prochain que la communaut\u00e9 mus\u00e9ale mondiale c\u00e9l\u00e9brera la <a href=\"http:\/\/imd.icom.museum\/\" target=\"_blank\"><b>Journ\u00e9e internationale des mus\u00e9es<\/b><\/a>. Une heure, une nuit, ou une semaine enti\u00e8re, chacun s\u2019est aujourd\u2019hui appropri\u00e9 cet \u00e9v\u00e9nement f\u00e9d\u00e9rateur et universel qui f\u00eate cette ann\u00e9e son 38e anniversaire.  <\/p>\n<p>En 2016, le th\u00e8me de la Journ\u00e9e internationale des mus\u00e9es sera \u00ab<b>Mus\u00e9es et paysages culturels<\/b> \u00bb, \u00e9galement au c\u0153ur des d\u00e9bats de la prochaine Conf\u00e9rence g\u00e9n\u00e9rale de l\u2019ICOM, qui aura lieu \u00e0 Milan du 3 au 9 juillet 2016. Ce th\u00e8me induit une grande responsabilit\u00e9 des mus\u00e9es envers les paysages dont ils font partie int\u00e9grante, auxquels ils peuvent apporter leur contribution sous forme de connaissances et de comp\u00e9tences propres. La mission principale des mus\u00e9es reste de veiller \u00e0 la sauvegarde et \u00e0 la protection du patrimoine, qu\u2019il soit dans ou hors les murs. Dans la <a href=\"\/actualites\/actualite\/article\/la-charte-de-sienne-proposee-par-licom-italie-lors-de-la-conference-internationale-musees-e\/L\/2\/\" target=\"_blank\">Charte de Sienne<\/a>, le paysage culturel est d\u00e9fini comme \u00ab le territoire o\u00f9 l\u2019on vit, celui qui nous entoure, avec les images et les symboles qui l\u2019identifient et le caract\u00e9risent \u00bb. Ainsi, le paysage culturel est empreint du contexte \u2013 g\u00e9ographique, historique, \u00e9conomique, social et culturel \u2013 dans lequel les mus\u00e9es existent et op\u00e8rent. <\/p>\n<p>Quelques mots de Johanna Regalado, chef de projet pour le Mus\u00e9e ethnologique de Guayaquil, en Equateur, un mus\u00e9e participant activement \u00e0 l\u2019\u00e9v\u00e9nement\u00a0: \u00ab <b>Chaque ann\u00e9e, chaque journ\u00e9e internationale des mus\u00e9e suscite sans nul doute de grandes attentes. Familles, enfants, adultes : tous se r\u00e9jouissent des activit\u00e9s cr\u00e9\u00e9es pour eux<\/b>, et personne ne se doute du temps consacr\u00e9 par les personnels du mus\u00e9e pour faire de chaque instant et de chaque activit\u00e9, une r\u00e9ussite. C\u2019est un grand plaisir pour nous, bien s\u00fbr, car c\u2019est un moment extraordinaire pour les mus\u00e9es. En 2015, le th\u00e8me \u00ab les mus\u00e9es pour une soci\u00e9t\u00e9 durable \u00bb a \u00e9t\u00e9 l\u2019objet de nombreuses activit\u00e9s durant tout le mois de mai, telles que \u00ab Recyclarte \u00bb, un atelier pour les enfants r\u00e9compensant la meilleure \u0153uvre d\u2019art r\u00e9alis\u00e9e avec des mat\u00e9riaux recycl\u00e9s, des visites guid\u00e9es par les enfants au Mus\u00e9e MAAC, un programme d\u2019accessibilit\u00e9 autour d\u2019un atelier c\u00e9ramiques propos\u00e9 aux handicap\u00e9s, des conf\u00e9rences, une \u00ab Nuit au Mus\u00e9e , et plus encore. Toutes ses initiatives particuli\u00e8res ont \u00e9t\u00e9 organis\u00e9es pendant ce mois tr\u00e8s sp\u00e9cial. \u00bb\u00a0 <\/p>\n<p>Pour la deuxi\u00e8me ann\u00e9e cons\u00e9cutive, l\u2019ICOM a mis en place une carte interactive, qui permet aux mus\u00e9es du monde entier de faire figurer en ligne les activit\u00e9s qu\u2019ils proposent lors de la Journ\u00e9e internationale des mus\u00e9es (JIM). C\u2019est un outil tr\u00e8s pratique pour les visiteurs de mus\u00e9es, qui trouvent ici un moyen rapide et facile de v\u00e9rifier si des activit\u00e9s sont pr\u00e9vues lors de la JIM \u00e0 l\u2019endroit o\u00f9 ils sont sur le globe.\u00a0 <\/p>\n<p><b>Pr\u00e8s de 2000 activit\u00e9s sont maintenant pr\u00e9sent\u00e9es en ligne sur notre carte interactive, provenant de mus\u00e9es du monde entier\u00a0: de l\u2019Europe (avec notamment 1422 activit\u00e9s des mus\u00e9es allemands, 129 des mus\u00e9es suisses, et 70 des institutions espagnoles), \u00e0 l\u2019Asie (l\u2019Inde, la Birmanie, Taiwan et la Tha\u00eflande sont \u00e9galement repr\u00e9sent\u00e9s), en passant par le continent am\u00e9ricain et l\u2019Australie. <\/b> <\/p>\n<p>\u00a0<b>La plupart des mus\u00e9es du monde c\u00e9l\u00e9breront la journ\u00e9e internationale des mus\u00e9es \u00e0 partir de demain, le 18 mai, et ce jusqu\u2019au 22 mai inclus, de nombreuses<span> <\/span>activit\u00e9s \u00e9tant programm\u00e9es pour le week-end prochain.<\/b> <\/p>\n<p><b>Consultez le site de la Journ\u00e9e internationale des mus\u00e9es et sa carte interactive ici\u00a0<\/b><b>:\u00a0<\/b><a href=\"http:\/\/imd.icom.museum\/\" target=\"_blank\"><b>http:\/\/imd.icom.museum<\/b><\/a> <\/p>\n<p><a href=\"http:\/\/imd2016.mini.icom.museum\/wp-content\/uploads\/sites\/53\/2019\/01\/IMD2016_17may-PressRelease_fr.pdf\" title=\"IMD2016_17may-PressRelease_fr.pdf (270 KB)\">T\u00e9l\u00e9charger le communiqu\u00e9 de presse<\/a>\u00a0<img decoding=\"async\" src=\"http:\/\/imd2016.mini.icom.museum\/wp-content\/uploads\/sites\/53\/2019\/01\/RTEmagicC_43476010f8_01.gif.gif\" alt=\"\"><\/p>\n<p> \t\t<!--  Text: [end] --> \t\t\t<\/div>\n<p> \t\t<!--  Image block: [end] --> \t\t\t   \t<!--  \t\tBEGIN: Content of extension \"hpo_relatedlink\", plugin \"tx_hporelatedlink_pi1\"  \t--> \t<\/p>\n<div> \t\t \t<\/div>\n<p> \t \t<!-- END: Content of extension \"hpo_relatedlink\", plugin \"tx_hporelatedlink_pi1\" -->  \t<\/div>\n<p> \t<!--  CONTENT ELEMENT, uid:17608\/textpic [end] --> \t\t<!--TYPO3SEARCH_end--> <\/div>\n","protected":false},"excerpt":{"rendered":"<p>Journ\u00e9e internationale des mus\u00e9es 2016\u00a0: Mus\u00e9es et paysages culturels Le paysage est un espace, tel que per\u00e7u par les populations, dont le caract\u00e8re r\u00e9sulte de l&#8217;action et de l&#8217;interaction de facteurs naturels et\/ou humains. (Convention europ\u00e9enne du paysage, adopt\u00e9e le 20 octobre 2000 \u00e0 Florence, Italie) Convention europ\u00e9enne du paysage C\u2019est autour du 18 mai [&hellip;]<\/p>\n","protected":false},"author":1,"featured_media":0,"parent":131,"menu_order":0,"comment_status":"closed","ping_status":"closed","template":"","meta":{"footnotes":""},"yst_prominent_words":[],"acf":[],"_links":{"self":[{"href":"https:\/\/imd2016.mini.icom.museum\/fr\/wp-json\/wp\/v2\/pages\/1169"}],"collection":[{"href":"https:\/\/imd2016.mini.icom.museum\/fr\/wp-json\/wp\/v2\/pages"}],"about":[{"href":"https:\/\/imd2016.mini.icom.museum\/fr\/wp-json\/wp\/v2\/types\/page"}],"author":[{"embeddable":true,"href":"https:\/\/imd2016.mini.icom.museum\/fr\/wp-json\/wp\/v2\/users\/1"}],"replies":[{"embeddable":true,"href":"https:\/\/imd2016.mini.icom.museum\/fr\/wp-json\/wp\/v2\/comments?post=1169"}],"version-history":[{"count":1,"href":"https:\/\/imd2016.mini.icom.museum\/fr\/wp-json\/wp\/v2\/pages\/1169\/revisions"}],"predecessor-version":[{"id":1353,"href":"https:\/\/imd2016.mini.icom.museum\/fr\/wp-json\/wp\/v2\/pages\/1169\/revisions\/1353"}],"up":[{"embeddable":true,"href":"https:\/\/imd2016.mini.icom.museum\/fr\/wp-json\/wp\/v2\/pages\/131"}],"wp:attachment":[{"href":"https:\/\/imd2016.mini.icom.museum\/fr\/wp-json\/wp\/v2\/media?parent=1169"}],"wp:term":[{"taxonomy":"yst_prominent_words","embeddable":true,"href":"https:\/\/imd2016.mini.icom.museum\/fr\/wp-json\/wp\/v2\/yst_prominent_words?post=1169"}],"curies":[{"name":"wp","href":"https:\/\/api.w.org\/{rel}","templated":true}]}}