{"id":1262,"date":"2019-01-08T02:06:14","date_gmt":"2019-01-08T02:06:14","guid":{"rendered":"http:\/\/imd2016.icom.cust.oxymium.net\/press\/galerie\/"},"modified":"2019-01-08T02:06:37","modified_gmt":"2019-01-08T02:06:37","slug":"galerie","status":"publish","type":"page","link":"https:\/\/imd2016.mini.icom.museum\/fr\/presse\/galerie\/","title":{"rendered":"Galerie"},"content":{"rendered":"<div id=\"RTE_CONTENT\"> <!--TYPO3SEARCH_begin--> \t<!--  CONTENT ELEMENT, uid:16133\/textpic [begin] --> \t\t<\/p>\n<div id=\"c16133\"> \t\t<!--  Image block: [begin] --> \t\t\t<\/p>\n<div>\n<div> \t\t<!--  Text: [begin] --> \t\t\t<\/p>\n<div>\n<p><span>Chine<\/span><\/p>\n<\/div>\n<div>\n<p>Au Mus\u00e9e des communications de Macao, un cycle de conf\u00e9rences s\u2019est ouvert avec un s\u00e9minaire intitul\u00e9 \u00ab Anciens sujets, nouvelles exp\u00e9riences \u00bb, anim\u00e9 par des conservateurs du Science Museum de Hong Kong. Une foire aux mus\u00e9es a ensuite donn\u00e9 lieu \u00e0 plusieurs conf\u00e9rences et animations. Au Mus\u00e9e de Macao, le public a assist\u00e9 \u00e0 un spectacle d\u2019op\u00e9ra cantonais anim\u00e9 par des chanteurs en costume traditionnel (photo).<\/p>\n<\/div>\n<p> \t\t<!--  Text: [end] --> \t\t\t<\/div>\n<div><img decoding=\"async\" src=\"http:\/\/imd2016.mini.icom.museum\/wp-content\/uploads\/sites\/53\/2019\/01\/macao2014_01.jpg\" alt=\"\"><\/div>\n<\/p><\/div>\n<div><!-- --><\/div>\n<p> \t\t<!--  Image block: [end] --> \t\t\t   \t<!--  \t\tBEGIN: Content of extension \"hpo_relatedlink\", plugin \"tx_hporelatedlink_pi1\"  \t--> \t<\/p>\n<div> \t\t \t<\/div>\n<p> \t \t<!-- END: Content of extension \"hpo_relatedlink\", plugin \"tx_hporelatedlink_pi1\" -->  \t<\/div>\n<p> \t<!--  CONTENT ELEMENT, uid:16133\/textpic [end] --> \t\t \t<!--  CONTENT ELEMENT, uid:16134\/textpic [begin] --> \t\t<\/p>\n<div id=\"c16134\"> \t\t<!--  Image block: [begin] --> \t\t\t<\/p>\n<div>\n<div> \t\t<!--  Text: [begin] --> \t\t\t<\/p>\n<div>\n<p><span>Espagne<\/span><\/p>\n<\/div>\n<div>\n<p>En Espagne, 84% des mus\u00e9es participants ont offert l\u2019entr\u00e9e gratuite aux visiteurs \u00e0 l\u2019occasion de la Journ\u00e9e Internationale des Mus\u00e9es. Des visites guid\u00e9es ont \u00e9t\u00e9 organis\u00e9es, ainsi que des activit\u00e9s vari\u00e9es ouvertes \u00e0 tous : expositions temporaires, conf\u00e9rences, repr\u00e9sentations th\u00e9\u00e2trales, r\u00e9citations de po\u00e9sies, reconstitutions historiques, et concerts, comme ici au Mus\u00e9e Sefardi de Tol\u00e8de.<\/p>\n<\/div>\n<p> \t\t<!--  Text: [end] --> \t\t\t<\/div>\n<div><img decoding=\"async\" src=\"http:\/\/imd2016.mini.icom.museum\/wp-content\/uploads\/sites\/53\/2019\/01\/spain2014_01.jpg\" alt=\"\"><\/div>\n<\/p><\/div>\n<div><!-- --><\/div>\n<p> \t\t<!--  Image block: [end] --> \t\t\t   \t<!--  \t\tBEGIN: Content of extension \"hpo_relatedlink\", plugin \"tx_hporelatedlink_pi1\"  \t--> \t<\/p>\n<div> \t\t \t<\/div>\n<p> \t \t<!-- END: Content of extension \"hpo_relatedlink\", plugin \"tx_hporelatedlink_pi1\" -->  \t<\/div>\n<p> \t<!--  CONTENT ELEMENT, uid:16134\/textpic [end] --> \t\t \t<!--  CONTENT ELEMENT, uid:16135\/textpic [begin] --> \t\t<\/p>\n<div id=\"c16135\"> \t\t<!--  Image block: [begin] --> \t\t\t<\/p>\n<div>\n<div> \t\t<!--  Text: [begin] --> \t\t\t<\/p>\n<div>\n<p><span>Afghanistan<\/span><\/p>\n<\/div>\n<div>\n<p>En 2014, l\u2019Afghanistan a particip\u00e9 pour la premi\u00e8re fois \u00e0 la Journ\u00e9e Internationale des Mus\u00e9es. Le mus\u00e9e national de Kaboul a organis\u00e9 un s\u00e9minaire consacr\u00e9 au r\u00f4le du mus\u00e9e dans un contexte de guerre et de crise interne (photo).<\/p>\n<\/div>\n<div>\n<p>La r\u00e9union a rassembl\u00e9 des repr\u00e9sentants de diff\u00e9rentes institutions, telles que le Minist\u00e8re de la Culture et de l\u2019Information, l\u2019Universit\u00e9 de Kaboul, l\u2019Institut d\u2019Arch\u00e9ologie, l\u2019UNESCO, ainsi que diverses ambassades \u00e9trang\u00e8res.<\/p>\n<\/div>\n<p> \t\t<!--  Text: [end] --> \t\t\t<\/div>\n<div><img decoding=\"async\" src=\"http:\/\/imd2016.mini.icom.museum\/wp-content\/uploads\/sites\/53\/2019\/01\/afghanistan2014_01.jpg\" alt=\"\"><\/div>\n<\/p><\/div>\n<div><!-- --><\/div>\n<p> \t\t<!--  Image block: [end] --> \t\t\t   \t<!--  \t\tBEGIN: Content of extension \"hpo_relatedlink\", plugin \"tx_hporelatedlink_pi1\"  \t--> \t<\/p>\n<div> \t\t \t<\/div>\n<p> \t \t<!-- END: Content of extension \"hpo_relatedlink\", plugin \"tx_hporelatedlink_pi1\" -->  \t<\/div>\n<p> \t<!--  CONTENT ELEMENT, uid:16135\/textpic [end] --> \t\t \t<!--  CONTENT ELEMENT, uid:16136\/textpic [begin] --> \t\t<\/p>\n<div id=\"c16136\"> \t\t<!--  Image block: [begin] --> \t\t\t<\/p>\n<div>\n<div><img decoding=\"async\" src=\"http:\/\/imd2016.mini.icom.museum\/wp-content\/uploads\/sites\/53\/2019\/01\/dom-rep2014i_01.jpg\" alt=\"\"><\/div>\n<div>\n<div> \t\t<!--  Text: [begin] --> \t\t\t<\/p>\n<div>\n<p><span>R\u00e9publique Dominicaine<\/span><\/p>\n<\/div>\n<div>\n<p>De nombreux mus\u00e9es dominicains, parmi lesquels le Centro Le\u00f3n, le Mus\u00e9e Arch\u00e9ologique R\u00e9gional Altos de Chav\u00f3n et le M\u00e9morial de la R\u00e9sistance Dominicaine ont propos\u00e9 des activit\u00e9s \u00e0 leurs publics. Le Mus\u00e9e National d\u2019Histoire Naturelle Prof. Eugenio de Jes\u00fas Marcano a organis\u00e9 un atelier de sensibilisation \u00e0 la pr\u00e9servation des grands singes (photo).<\/p>\n<\/div>\n<p> \t\t<!--  Text: [end] --> \t\t\t<\/div>\n<\/div><\/div>\n<div><!-- --><\/div>\n<p> \t\t<!--  Image block: [end] --> \t\t\t   \t<!--  \t\tBEGIN: Content of extension \"hpo_relatedlink\", plugin \"tx_hporelatedlink_pi1\"  \t--> \t<\/p>\n<div> \t\t \t<\/div>\n<p> \t \t<!-- END: Content of extension \"hpo_relatedlink\", plugin \"tx_hporelatedlink_pi1\" -->  \t<\/div>\n<p> \t<!--  CONTENT ELEMENT, uid:16136\/textpic [end] --> \t\t \t<!--  CONTENT ELEMENT, uid:16138\/textpic [begin] --> \t\t<\/p>\n<div id=\"c16138\"> \t\t<!--  Image block: [begin] --> \t\t\t<\/p>\n<div>\n<div> \t\t<!--  Text: [begin] --> \t\t\t<\/p>\n<div>\n<p><span>Zambie<\/span><\/p>\n<\/div>\n<div>\n<p>En Zambie, la Journ\u00e9e Internationale des Mus\u00e9es a \u00e9t\u00e9 c\u00e9l\u00e9br\u00e9e en pr\u00e9sence du Pr\u00e9sident de l\u2019ICOM, Prof. Dr Hans-Martin Hinz, et de la pr\u00e9sidente du comit\u00e9 ICOM CECA, Prof. Dr Emma Nardi. Des activit\u00e9s ont \u00e9t\u00e9 organis\u00e9es au mus\u00e9e national de Lusaka, au mus\u00e9e de Choma (photo) et au mus\u00e9e de Livingstone.  <\/p>\n<p>Une \u00e9mission de radio a m\u00eame \u00e9t\u00e9 enregistr\u00e9e \u00e0 cette occasion pour parler des mus\u00e9es et de leur importance dans la soci\u00e9t\u00e9.<\/p>\n<\/p><\/div>\n<p> \t\t<!--  Text: [end] --> \t\t\t<\/div>\n<div><img decoding=\"async\" src=\"http:\/\/imd2016.mini.icom.museum\/wp-content\/uploads\/sites\/53\/2019\/01\/zambia2014_01.jpg\" alt=\"\"><\/div>\n<\/p><\/div>\n<div><!-- --><\/div>\n<p> \t\t<!--  Image block: [end] --> \t\t\t   \t<!--  \t\tBEGIN: Content of extension \"hpo_relatedlink\", plugin \"tx_hporelatedlink_pi1\"  \t--> \t<\/p>\n<div> \t\t \t<\/div>\n<p> \t \t<!-- END: Content of extension \"hpo_relatedlink\", plugin \"tx_hporelatedlink_pi1\" -->  \t<\/div>\n<p> \t<!--  CONTENT ELEMENT, uid:16138\/textpic [end] --> \t\t \t<!--  CONTENT ELEMENT, uid:16139\/textpic [begin] --> \t\t<\/p>\n<div id=\"c16139\"> \t\t<!--  Image block: [begin] --> \t\t\t<\/p>\n<div>\n<div> \t\t<!--  Text: [begin] --> \t\t\t<\/p>\n<p><span>La Barbade<\/span><br \/>ICOM Barbade a \u00e9t\u00e9 \u00e0 l\u2019origine du th\u00e8me de la Journ\u00e9e Internationale des Mus\u00e9es 2014 : \u201cLes liens cr\u00e9\u00e9s par les collections des mus\u00e9es\u201d. Des T-shirts sigl\u00e9s \u00ab everyone collects \u00bb ont \u00e9t\u00e9 distribu\u00e9s \u00e0 cette occasion (photo). L\u2019inscription est form\u00e9e par des pictogrammes repr\u00e9sentant des objets pouvant provenir de mus\u00e9es ou de collections particuli\u00e8res de la Barbade.<\/p>\n<p> \t\t<!--  Text: [end] --> \t\t\t<\/div>\n<div><img decoding=\"async\" src=\"http:\/\/imd2016.mini.icom.museum\/wp-content\/uploads\/sites\/53\/2019\/01\/Barbados2014_01.jpg\" alt=\"\"><\/div>\n<\/p><\/div>\n<div><!-- --><\/div>\n<p> \t\t<!--  Image block: [end] --> \t\t\t   \t<!--  \t\tBEGIN: Content of extension \"hpo_relatedlink\", plugin \"tx_hporelatedlink_pi1\"  \t--> \t<\/p>\n<div> \t\t \t<\/div>\n<p> \t \t<!-- END: Content of extension \"hpo_relatedlink\", plugin \"tx_hporelatedlink_pi1\" -->  \t<\/div>\n<p> \t<!--  CONTENT ELEMENT, uid:16139\/textpic [end] --> \t\t \t<!--  CONTENT ELEMENT, uid:16140\/textpic [begin] --> \t\t<\/p>\n<div id=\"c16140\"> \t\t<!--  Image block: [begin] --> \t\t\t<\/p>\n<div>\n<div> \t\t<!--  Text: [begin] --> \t\t\t<\/p>\n<div>\n<p><span>Pakistan<\/span><\/p>\n<\/div>\n<div>\n<p>Au Pakistan, le State Bank Museum a organis\u00e9 deux ateliers consacr\u00e9s \u00e0 la conservation des pi\u00e8ces de monnaie et \u00e0 la reproduction des oeuvres d\u2019art (photo). Un objet du mus\u00e9e a servi de mod\u00e8le aux participants, alors que du pl\u00e2tre et de la peinture \u00e9taient mis \u00e0 leur disposition pour cr\u00e9er les r\u00e9pliques. Une chasse au tr\u00e9sor et une projection ont aussi \u00e9t\u00e9 programm\u00e9es.<\/p>\n<\/div>\n<p> \t\t<!--  Text: [end] --> \t\t\t<\/div>\n<div><img decoding=\"async\" src=\"http:\/\/imd2016.mini.icom.museum\/wp-content\/uploads\/sites\/53\/2019\/01\/pakistan2014_01.jpg\" alt=\"\"><\/div>\n<\/p><\/div>\n<div><!-- --><\/div>\n<p> \t\t<!--  Image block: [end] --> \t\t\t   \t<!--  \t\tBEGIN: Content of extension \"hpo_relatedlink\", plugin \"tx_hporelatedlink_pi1\"  \t--> \t<\/p>\n<div> \t\t \t<\/div>\n<p> \t \t<!-- END: Content of extension \"hpo_relatedlink\", plugin \"tx_hporelatedlink_pi1\" -->  \t<\/div>\n<p> \t<!--  CONTENT ELEMENT, uid:16140\/textpic [end] --> \t\t \t<!--  CONTENT ELEMENT, uid:16141\/textpic [begin] --> \t\t<\/p>\n<div id=\"c16141\"> \t\t<!--  Image block: [begin] --> \t\t\t<\/p>\n<div>\n<div> \t\t<!--  Text: [begin] --> \t\t\t<\/p>\n<div>\n<p><span>Burkina Faso<\/span><\/p>\n<\/div>\n<div>\n<p>Les repr\u00e9sentants de dix mus\u00e9es et une quarantaine de professionnels et de sympathisants se sont rassembl\u00e9s dans la ville de Koudougou, au Burkina Faso. Des ateliers de formations et des visites de sites touristiques ont \u00e9t\u00e9 organis\u00e9s. \u00c0 Bazoul\u00e9, les participants se sont notamment rendus \u00e0 la mare aux crocodiles sacr\u00e9s, et ont parcouru les salles du Mus\u00e9e des Arts et des savoirs Mossi (photo).<\/p>\n<\/div>\n<p> \t\t<!--  Text: [end] --> \t\t\t<\/div>\n<div><img decoding=\"async\" src=\"http:\/\/imd2016.mini.icom.museum\/wp-content\/uploads\/sites\/53\/2019\/01\/burkina2014_01.jpg\" alt=\"\"><\/div>\n<\/p><\/div>\n<div><!-- --><\/div>\n<p> \t\t<!--  Image block: [end] --> \t\t\t   \t<!--  \t\tBEGIN: Content of extension \"hpo_relatedlink\", plugin \"tx_hporelatedlink_pi1\"  \t--> \t<\/p>\n<div> \t\t \t<\/div>\n<p> \t \t<!-- END: Content of extension \"hpo_relatedlink\", plugin \"tx_hporelatedlink_pi1\" -->  \t<\/div>\n<p> \t<!--  CONTENT ELEMENT, uid:16141\/textpic [end] --> \t\t \t<!--  CONTENT ELEMENT, uid:16142\/textpic [begin] --> \t\t<\/p>\n<div id=\"c16142\"> \t\t<!--  Image block: [begin] --> \t\t\t<\/p>\n<div>\n<div><img decoding=\"async\" src=\"http:\/\/imd2016.mini.icom.museum\/wp-content\/uploads\/sites\/53\/2019\/01\/oman2014_01.jpg\" alt=\"\"><\/div>\n<div> \t\t<!--  Text: [begin] --> \t\t\t<\/p>\n<div>\n<p><span>Oman<\/span><\/p>\n<\/div>\n<div>\n<p>Au Sultanat d\u2019Oman, une journ\u00e9e de travail sur le th\u00e8me de la Journ\u00e9e Internationale des Mus\u00e9es a r\u00e9uni des professionnels dans le centre de conf\u00e9rence du Minist\u00e8re du Tourisme, \u00e0 Mascate (photo).\u00ab Ces ateliers nous ont permis de rassembler des t\u00e9moignages sur les probl\u00e9matiques mus\u00e9ales contemporaines \u00bb a confi\u00e9 le directeur du D\u00e9partement Mus\u00e9es au Minist\u00e8re du Patrimoine et de la Culture.<\/p>\n<\/div>\n<p> \t\t<!--  Text: [end] --> \t\t\t<\/div>\n<\/p><\/div>\n<div><!-- --><\/div>\n<p> \t\t<!--  Image block: [end] --> \t\t\t   \t<!--  \t\tBEGIN: Content of extension \"hpo_relatedlink\", plugin \"tx_hporelatedlink_pi1\"  \t--> \t<\/p>\n<div> \t\t \t<\/div>\n<p> \t \t<!-- END: Content of extension \"hpo_relatedlink\", plugin \"tx_hporelatedlink_pi1\" -->  \t<\/div>\n<p> \t<!--  CONTENT ELEMENT, uid:16142\/textpic [end] --> \t\t \t<!--  CONTENT ELEMENT, uid:16144\/textpic [begin] --> \t\t<\/p>\n<div id=\"c16144\"> \t\t<!--  Image block: [begin] --> \t\t\t<\/p>\n<div>\n<div> \t\t<!--  Text: [begin] --> \t\t\t<\/p>\n<div>\n<p><span>Malte<\/span><\/p>\n<\/div>\n<div>\n<p>Organis\u00e9 par ICOM Malte, le concours MySelfie \u2013 My Cultural Identity est une fa\u00e7on originale de c\u00e9l\u00e9brer la Journ\u00e9e Internationale des Mus\u00e9es. La comp\u00e9tition vise \u00e0 sensibiliser le public aux collections des mus\u00e9es. Les photos ont \u00e9t\u00e9 collect\u00e9es sur la page Facebook de l\u2019\u00e9v\u00e9nement, accompagn\u00e9es d\u2019une mention justifiant du choix de l\u2019objet et du mus\u00e9e. La photo gagnante a \u00e9t\u00e9 prise au Mus\u00e9e de Domus Romana (photo).<\/p>\n<\/div>\n<p> \t\t<!--  Text: [end] --> \t\t\t<\/div>\n<div><img decoding=\"async\" src=\"http:\/\/imd2016.mini.icom.museum\/wp-content\/uploads\/sites\/53\/2019\/01\/malta2014_01.jpg\" alt=\"\"><\/div>\n<\/p><\/div>\n<div><!-- --><\/div>\n<p> \t\t<!--  Image block: [end] --> \t\t\t   \t<!--  \t\tBEGIN: Content of extension \"hpo_relatedlink\", plugin \"tx_hporelatedlink_pi1\"  \t--> \t<\/p>\n<div> \t\t \t<\/div>\n<p> \t \t<!-- END: Content of extension \"hpo_relatedlink\", plugin \"tx_hporelatedlink_pi1\" -->  \t<\/div>\n<p> \t<!--  CONTENT ELEMENT, uid:16144\/textpic [end] --> \t\t<!--TYPO3SEARCH_end--> <\/div>\n","protected":false},"excerpt":{"rendered":"<p>Chine Au Mus\u00e9e des communications de Macao, un cycle de conf\u00e9rences s\u2019est ouvert avec un s\u00e9minaire intitul\u00e9 \u00ab Anciens sujets, nouvelles exp\u00e9riences \u00bb, anim\u00e9 par des conservateurs du Science Museum de Hong Kong. Une foire aux mus\u00e9es a ensuite donn\u00e9 lieu \u00e0 plusieurs conf\u00e9rences et animations. Au Mus\u00e9e de Macao, le public a assist\u00e9 \u00e0 [&hellip;]<\/p>\n","protected":false},"author":1,"featured_media":0,"parent":131,"menu_order":1,"comment_status":"closed","ping_status":"closed","template":"","meta":{"footnotes":""},"yst_prominent_words":[],"acf":[],"_links":{"self":[{"href":"https:\/\/imd2016.mini.icom.museum\/fr\/wp-json\/wp\/v2\/pages\/1262"}],"collection":[{"href":"https:\/\/imd2016.mini.icom.museum\/fr\/wp-json\/wp\/v2\/pages"}],"about":[{"href":"https:\/\/imd2016.mini.icom.museum\/fr\/wp-json\/wp\/v2\/types\/page"}],"author":[{"embeddable":true,"href":"https:\/\/imd2016.mini.icom.museum\/fr\/wp-json\/wp\/v2\/users\/1"}],"replies":[{"embeddable":true,"href":"https:\/\/imd2016.mini.icom.museum\/fr\/wp-json\/wp\/v2\/comments?post=1262"}],"version-history":[{"count":1,"href":"https:\/\/imd2016.mini.icom.museum\/fr\/wp-json\/wp\/v2\/pages\/1262\/revisions"}],"predecessor-version":[{"id":1352,"href":"https:\/\/imd2016.mini.icom.museum\/fr\/wp-json\/wp\/v2\/pages\/1262\/revisions\/1352"}],"up":[{"embeddable":true,"href":"https:\/\/imd2016.mini.icom.museum\/fr\/wp-json\/wp\/v2\/pages\/131"}],"wp:attachment":[{"href":"https:\/\/imd2016.mini.icom.museum\/fr\/wp-json\/wp\/v2\/media?parent=1262"}],"wp:term":[{"taxonomy":"yst_prominent_words","embeddable":true,"href":"https:\/\/imd2016.mini.icom.museum\/fr\/wp-json\/wp\/v2\/yst_prominent_words?post=1262"}],"curies":[{"name":"wp","href":"https:\/\/api.w.org\/{rel}","templated":true}]}}