{"id":134,"date":"2019-01-08T01:59:06","date_gmt":"2019-01-08T01:59:06","guid":{"rendered":"http:\/\/imd2016.icom.cust.oxymium.net\/what-is-imd\/la-jim-en-bref\/"},"modified":"2019-01-08T02:06:39","modified_gmt":"2019-01-08T02:06:39","slug":"la-jim-en-bref","status":"publish","type":"page","link":"https:\/\/imd2016.mini.icom.museum\/fr\/la-jim\/la-jim-en-bref\/","title":{"rendered":"La JIM en bref"},"content":{"rendered":"<div id=\"RTE_CONTENT\"> <!--TYPO3SEARCH_begin--> \t<!--  CONTENT ELEMENT, uid:16050\/text [begin] --> \t\t<\/p>\n<div id=\"c16050\"> \t\t<!--  Text: [begin] --> \t\t\t<\/p>\n<p>Chaque ann\u00e9e depuis 1977, l\u2019ICOM organise la Journ\u00e9e internationale des mus\u00e9es (JIM), un moment unique pour la communaut\u00e9 internationale des mus\u00e9es. Ce jour-l\u00e0, les mus\u00e9es qui participent \u00e0 la c\u00e9l\u00e9bration de cette journ\u00e9e organisent des manifestations et des activit\u00e9s li\u00e9es au th\u00e8me de la Journ\u00e9e internationale des mus\u00e9es, nouent le dialogue avec le public et soulignent ainsi l\u2019importance du r\u00f4le des mus\u00e9es en tant qu\u2019institutions au service de la soci\u00e9t\u00e9 et de son d\u00e9veloppement. <\/p>\n<p>Traditionnellement, la Journ\u00e9e internationale des mus\u00e9es s\u2019organise le <b>18 mai ou autour du 18 mai<\/b>. Les activit\u00e9s organis\u00e9es dans ce cadre peuvent durer une journ\u00e9e, un week-end ou une semaine, l\u2019objectif \u00e9tant de se r\u00e9unir au mus\u00e9e avec pour devise \u00ab\u00a0Les mus\u00e9es, moyen important d\u2019\u00e9changes culturels, d\u2019enrichissement des cultures, du d\u00e9veloppement de la compr\u00e9hension mutuelle, de la coop\u00e9ration et de la paix entre les peuples.\u00a0\u00bb\u00a0 <\/p>\n<p> La Journ\u00e9e internationale des mus\u00e9es f\u00e9d\u00e8re de plus en plus de mus\u00e9es \u00e0 travers le monde. En 2015, plus de 35\u00a0000 mus\u00e9es ont particip\u00e9 \u00e0 l\u2019\u00e9v\u00e9nement dans pr\u00e8s de 145 pays.<\/p>\n<p> \t\t<!--  Text: [end] --> \t\t\t   \t<!--  \t\tBEGIN: Content of extension \"hpo_relatedlink\", plugin \"tx_hporelatedlink_pi1\"  \t--> \t<\/p>\n<div> \t\t \t<\/div>\n<p> \t \t<!-- END: Content of extension \"hpo_relatedlink\", plugin \"tx_hporelatedlink_pi1\" -->  \t<\/div>\n<p> \t<!--  CONTENT ELEMENT, uid:16050\/text [end] --> \t\t<!--TYPO3SEARCH_end--> <\/div>\n","protected":false},"excerpt":{"rendered":"<p>Chaque ann\u00e9e depuis 1977, l\u2019ICOM organise la Journ\u00e9e internationale des mus\u00e9es (JIM), un moment unique pour la communaut\u00e9 internationale des mus\u00e9es. Ce jour-l\u00e0, les mus\u00e9es qui participent \u00e0 la c\u00e9l\u00e9bration de cette journ\u00e9e organisent des manifestations et des activit\u00e9s li\u00e9es au th\u00e8me de la Journ\u00e9e internationale des mus\u00e9es, nouent le dialogue avec le public et [&hellip;]<\/p>\n","protected":false},"author":1,"featured_media":0,"parent":125,"menu_order":0,"comment_status":"closed","ping_status":"closed","template":"","meta":{"footnotes":""},"yst_prominent_words":[],"acf":[],"_links":{"self":[{"href":"https:\/\/imd2016.mini.icom.museum\/fr\/wp-json\/wp\/v2\/pages\/134"}],"collection":[{"href":"https:\/\/imd2016.mini.icom.museum\/fr\/wp-json\/wp\/v2\/pages"}],"about":[{"href":"https:\/\/imd2016.mini.icom.museum\/fr\/wp-json\/wp\/v2\/types\/page"}],"author":[{"embeddable":true,"href":"https:\/\/imd2016.mini.icom.museum\/fr\/wp-json\/wp\/v2\/users\/1"}],"replies":[{"embeddable":true,"href":"https:\/\/imd2016.mini.icom.museum\/fr\/wp-json\/wp\/v2\/comments?post=134"}],"version-history":[{"count":1,"href":"https:\/\/imd2016.mini.icom.museum\/fr\/wp-json\/wp\/v2\/pages\/134\/revisions"}],"predecessor-version":[{"id":1362,"href":"https:\/\/imd2016.mini.icom.museum\/fr\/wp-json\/wp\/v2\/pages\/134\/revisions\/1362"}],"up":[{"embeddable":true,"href":"https:\/\/imd2016.mini.icom.museum\/fr\/wp-json\/wp\/v2\/pages\/125"}],"wp:attachment":[{"href":"https:\/\/imd2016.mini.icom.museum\/fr\/wp-json\/wp\/v2\/media?parent=134"}],"wp:term":[{"taxonomy":"yst_prominent_words","embeddable":true,"href":"https:\/\/imd2016.mini.icom.museum\/fr\/wp-json\/wp\/v2\/yst_prominent_words?post=134"}],"curies":[{"name":"wp","href":"https:\/\/api.w.org\/{rel}","templated":true}]}}