{"id":143,"date":"2019-01-08T01:59:20","date_gmt":"2019-01-08T01:59:20","guid":{"rendered":"http:\/\/imd2016.icom.cust.oxymium.net\/imd-2016\/le-theme\/"},"modified":"2019-01-08T02:06:39","modified_gmt":"2019-01-08T02:06:39","slug":"le-theme","status":"publish","type":"page","link":"https:\/\/imd2016.mini.icom.museum\/fr\/jim-2016\/le-theme\/","title":{"rendered":"Le th\u00e8me"},"content":{"rendered":"<div id=\"RTE_CONTENT\"> <!--TYPO3SEARCH_begin--> \t<!--  CONTENT ELEMENT, uid:16072\/textpic [begin] --> \t\t<\/p>\n<div id=\"c16072\"> \t\t<!--  Image block: [begin] --> \t\t\t<\/p>\n<div> \t\t<!--  Text: [begin] --> \t\t\t<\/p>\n<p>L\u2019ICOM choisit chaque ann\u00e9e pour la Journ\u00e9e internationale des mus\u00e9es un th\u00e8me qui se situe au c\u0153ur des pr\u00e9occupations de la soci\u00e9t\u00e9.\u00a0 <\/p>\n<p>En 2016, l\u2019\u00e9v\u00e9nement sera c\u00e9l\u00e9br\u00e9 autour du th\u00e8me : <b>Mus\u00e9es et paysages culturels.<\/b>\u00a0 <\/p>\n<p>Synth\u00e8se de nature et d\u2019histoire, un paysage culturel est un territoire en mutation et en constante \u00e9volution : il compose avec une identit\u00e9 g\u00e9ologique sp\u00e9cifique et les transformations impos\u00e9es par le temps et les hommes. Ce paysage, individus et collectivit\u00e9s veillent \u00e0 sa protection et sa valorisation.Des missions qui sont aussi relev\u00e9es par les mus\u00e9es, d\u00e9positaires d\u2019objets et de biens qui sont autant de t\u00e9moignages mat\u00e9riels et immat\u00e9riels d\u2019un territoire plus ou moins vaste.  <\/p>\n<p>Le th\u00e8me \u00ab\u00a0mus\u00e9es et paysages culturels\u00a0\u00bb induit une forme de responsabilit\u00e9 des mus\u00e9es envers les paysages dont ils font partie, auxquels ils peuvent apporter leur contribution sous forme de connaissances et de comp\u00e9tences propres, en \u00e9tant des protagonistes actifs de sa gestion et de son entretien. La mission principale des mus\u00e9es est de veiller sur le patrimoine, qu\u2019il soit dans ou hors les murs. Leur vocation naturelle est d\u2019\u00e9largir leur mission, et de d\u00e9ployer leurs propres activit\u00e9s dans le champ ouvert du patrimoine culturel et du paysage qui les entoure, et dont ils peuvent assumer, \u00e0 des degr\u00e9s divers, la responsabilit\u00e9. \u00a0 <\/p>\n<p>\u00c0 la vision d\u2019un mus\u00e9e engag\u00e9 essentiellement dans la conservation, l\u2019exposition et la communication de ses propres collections, se substitue une autre, plus respectueuse de la nature d\u2019une institution qui accomplit aussi des recherches et produit, acquiert, \u00e9labore et diffuse des connaissances sur le territoire qui l\u2019entoure, et sensibilise les communaut\u00e9s qui y vivent \u00e0 une autre perception de leur paysage. En assumant des devoirs qui ne se limitent pas \u00e0 leurs collections, ils sont aussi encourag\u00e9s \u00e0 \u00e9largir, valoriser, et accro\u00eetre leurs collections et leur patrimoine de connaissances et de comp\u00e9tences.\u00a0 <\/p>\n<p><b>Mettre en lumi\u00e8re le lien existant entre mus\u00e9es et patrimoine culturel, c\u2019est faire \u00e9merger l\u2019id\u00e9e de mus\u00e9es comme centres territoriaux d\u2019une protection active du paysage culturel. \u00a0<\/b> <\/p>\n<p>Responsable du paysage qui l\u2019entoure, le mus\u00e9e compte \u00e9galement parmi ses missions la protection et la conservation du patrimoine environnemental, afin de promouvoir le d\u00e9veloppement respectueux de ses caract\u00e8res identitaires, de concert et en collaboration avec toutes les entit\u00e9s \u2013 publiques et priv\u00e9es \u2013 qui \u00e0 divers titres sont porteuses d\u2019int\u00e9r\u00eats \u00e0 son \u00e9gard. Un mus\u00e9e responsable du paysage assume, dans le m\u00eame temps, son r\u00f4le de centre d\u2019interpr\u00e9tation du patrimoine et du territoire, en promouvant sa connaissance et en sensibilisant ses habitants et ceux qui le visitent \u00e0 ses valeurs constitutives, en sollicitant leur intervention dans sa conservation, sa promotion et son enrichissement. \u00a0  <\/p>\n<p><b>Le paysage, par nature, est en constante \u00e9volution, et ne saurait \u00eatre fig\u00e9 ou mus\u00e9ifi\u00e9.<\/b> Le prot\u00e9ger et le conserver revient \u00e0 emp\u00eacher que ses transformations n\u2019aient pas pour cons\u00e9quence d\u2019annihiler, de d\u00e9figurer ou de d\u00e9grader ses caract\u00e8res identitaires. Les mus\u00e9es peuvent ainsi apporter une contribution significative \u00e0 une administration du territoire qui soit respectueuse des valeurs du paysage, sous la forme de connaissances sur le territoire, le patrimoine et le paysage ; gr\u00e2ce aux activit\u00e9s de protection, de conservation, d\u2019interpr\u00e9tation du patrimoine culturel men\u00e9es \u00e0 l\u2019int\u00e9rieur et \u00e0 l\u2019ext\u00e9rieur de leurs murs ; par voie de participation active aux politiques publiques et urbaines, et de d\u00e9finition et de mise en \u0153uvre de politiques paysag\u00e8res.\u00a0<\/p>\n<p> \t\t<!--  Text: [end] --> \t\t\t<\/div>\n<p> \t\t<!--  Image block: [end] --> \t\t\t   \t<!--  \t\tBEGIN: Content of extension \"hpo_relatedlink\", plugin \"tx_hporelatedlink_pi1\"  \t--> \t<\/p>\n<div> \t\t \t<\/div>\n<p> \t \t<!-- END: Content of extension \"hpo_relatedlink\", plugin \"tx_hporelatedlink_pi1\" -->  \t<\/div>\n<p> \t<!--  CONTENT ELEMENT, uid:16072\/textpic [end] --> \t\t<!--TYPO3SEARCH_end--> <\/div>\n","protected":false},"excerpt":{"rendered":"<p>L\u2019ICOM choisit chaque ann\u00e9e pour la Journ\u00e9e internationale des mus\u00e9es un th\u00e8me qui se situe au c\u0153ur des pr\u00e9occupations de la soci\u00e9t\u00e9.\u00a0 En 2016, l\u2019\u00e9v\u00e9nement sera c\u00e9l\u00e9br\u00e9 autour du th\u00e8me : Mus\u00e9es et paysages culturels.\u00a0 Synth\u00e8se de nature et d\u2019histoire, un paysage culturel est un territoire en mutation et en constante \u00e9volution : il compose [&hellip;]<\/p>\n","protected":false},"author":1,"featured_media":0,"parent":128,"menu_order":0,"comment_status":"closed","ping_status":"closed","template":"","meta":{"footnotes":""},"yst_prominent_words":[],"acf":[],"_links":{"self":[{"href":"https:\/\/imd2016.mini.icom.museum\/fr\/wp-json\/wp\/v2\/pages\/143"}],"collection":[{"href":"https:\/\/imd2016.mini.icom.museum\/fr\/wp-json\/wp\/v2\/pages"}],"about":[{"href":"https:\/\/imd2016.mini.icom.museum\/fr\/wp-json\/wp\/v2\/types\/page"}],"author":[{"embeddable":true,"href":"https:\/\/imd2016.mini.icom.museum\/fr\/wp-json\/wp\/v2\/users\/1"}],"replies":[{"embeddable":true,"href":"https:\/\/imd2016.mini.icom.museum\/fr\/wp-json\/wp\/v2\/comments?post=143"}],"version-history":[{"count":1,"href":"https:\/\/imd2016.mini.icom.museum\/fr\/wp-json\/wp\/v2\/pages\/143\/revisions"}],"predecessor-version":[{"id":1359,"href":"https:\/\/imd2016.mini.icom.museum\/fr\/wp-json\/wp\/v2\/pages\/143\/revisions\/1359"}],"up":[{"embeddable":true,"href":"https:\/\/imd2016.mini.icom.museum\/fr\/wp-json\/wp\/v2\/pages\/128"}],"wp:attachment":[{"href":"https:\/\/imd2016.mini.icom.museum\/fr\/wp-json\/wp\/v2\/media?parent=143"}],"wp:term":[{"taxonomy":"yst_prominent_words","embeddable":true,"href":"https:\/\/imd2016.mini.icom.museum\/fr\/wp-json\/wp\/v2\/yst_prominent_words?post=143"}],"curies":[{"name":"wp","href":"https:\/\/api.w.org\/{rel}","templated":true}]}}